
{"id":6832,"date":"2025-01-14T00:49:15","date_gmt":"2025-01-13T23:49:15","guid":{"rendered":"https:\/\/radiomuseum-rheinland.de\/unserramu\/?page_id=6832"},"modified":"2025-01-14T20:33:38","modified_gmt":"2025-01-14T19:33:38","slug":"in-erinnerung-detlev-krill","status":"publish","type":"page","link":"https:\/\/radiomuseum-rheinland.de\/unserramu\/sonderseiten\/in-erinnerung-detlev-krill\/","title":{"rendered":"In Erinnerung &#8211; Detlev Krill"},"content":{"rendered":"<hr \/>\n<p>&nbsp;<\/p>\n\n\n<p class=\"has-text-align-center has-medium-font-size\"><strong>In Erinnerung an unseren am 17.12.2024 verstorbenen Freund und Kollegen,<br>dem seine Frau leider am 25.12.2024 folgte<\/strong>.<\/p>\n\n\n\n<pre class=\"wp-block-code\"><code>\n<\/code><\/pre>\n\n\n\n<p class=\"has-text-align-center has-large-font-size\"><strong>Detlev Krill \u2020<\/strong><\/p>\n\n\n\n<div style=\"height:67px\" aria-hidden=\"true\" class=\"wp-block-spacer\"><\/div>\n\n\n\n<div class=\"wp-block-columns is-layout-flex wp-container-core-columns-is-layout-9d6595d7 wp-block-columns-is-layout-flex\">\n<div class=\"wp-block-column is-layout-flow wp-block-column-is-layout-flow\" style=\"flex-basis:33.33%\">\n<figure class=\"wp-block-image size-large\"><img loading=\"lazy\" decoding=\"async\" width=\"651\" height=\"976\" src=\"https:\/\/radiomuseum-rheinland.de\/unserramu\/wp-content\/uploads\/2025\/01\/stammtisch-radiomuseum-apr-2017-041-1-651x976.jpg\" alt=\"\" class=\"wp-image-6837\" srcset=\"https:\/\/radiomuseum-rheinland.de\/unserramu\/wp-content\/uploads\/2025\/01\/stammtisch-radiomuseum-apr-2017-041-1-651x976.jpg 651w, https:\/\/radiomuseum-rheinland.de\/unserramu\/wp-content\/uploads\/2025\/01\/stammtisch-radiomuseum-apr-2017-041-1-200x300.jpg 200w, https:\/\/radiomuseum-rheinland.de\/unserramu\/wp-content\/uploads\/2025\/01\/stammtisch-radiomuseum-apr-2017-041-1-768x1152.jpg 768w, https:\/\/radiomuseum-rheinland.de\/unserramu\/wp-content\/uploads\/2025\/01\/stammtisch-radiomuseum-apr-2017-041-1.jpg 1024w\" sizes=\"auto, (max-width: 651px) 100vw, 651px\" \/><\/figure>\n<\/div>\n\n\n\n<div class=\"wp-block-column is-layout-flow wp-block-column-is-layout-flow\"><\/div>\n\n\n\n<div class=\"wp-block-column is-layout-flow wp-block-column-is-layout-flow\" style=\"flex-basis:66.66%\">\n<figure class=\"wp-block-image size-large\"><img loading=\"lazy\" decoding=\"async\" width=\"1296\" height=\"942\" src=\"https:\/\/radiomuseum-rheinland.de\/unserramu\/wp-content\/uploads\/2025\/01\/stammtisch-radiomuseum-apr-2017-040_-1296x942.jpg\" alt=\"\" class=\"wp-image-6839\" srcset=\"https:\/\/radiomuseum-rheinland.de\/unserramu\/wp-content\/uploads\/2025\/01\/stammtisch-radiomuseum-apr-2017-040_-1296x942.jpg 1296w, https:\/\/radiomuseum-rheinland.de\/unserramu\/wp-content\/uploads\/2025\/01\/stammtisch-radiomuseum-apr-2017-040_-413x300.jpg 413w, https:\/\/radiomuseum-rheinland.de\/unserramu\/wp-content\/uploads\/2025\/01\/stammtisch-radiomuseum-apr-2017-040_-768x558.jpg 768w, https:\/\/radiomuseum-rheinland.de\/unserramu\/wp-content\/uploads\/2025\/01\/stammtisch-radiomuseum-apr-2017-040_.jpg 1395w\" sizes=\"auto, (max-width: 1296px) 100vw, 1296px\" \/><\/figure>\n<\/div>\n<\/div>\n\n\n\n<div style=\"height:80px\" aria-hidden=\"true\" class=\"wp-block-spacer\"><\/div>\n\n\n\n<div class=\"wp-block-columns is-layout-flex wp-container-core-columns-is-layout-9d6595d7 wp-block-columns-is-layout-flex\">\n<div class=\"wp-block-column is-layout-flow wp-block-column-is-layout-flow\" style=\"flex-basis:100%\"><div class=\"wp-block-image\">\n<figure class=\"aligncenter size-medium\"><img loading=\"lazy\" decoding=\"async\" width=\"251\" height=\"300\" src=\"https:\/\/radiomuseum-rheinland.de\/unserramu\/wp-content\/uploads\/2025\/01\/IMG-20241227-WA0002-1-251x300.jpg\" alt=\"\" class=\"wp-image-6884\" srcset=\"https:\/\/radiomuseum-rheinland.de\/unserramu\/wp-content\/uploads\/2025\/01\/IMG-20241227-WA0002-1-251x300.jpg 251w, https:\/\/radiomuseum-rheinland.de\/unserramu\/wp-content\/uploads\/2025\/01\/IMG-20241227-WA0002-1-768x917.jpg 768w, https:\/\/radiomuseum-rheinland.de\/unserramu\/wp-content\/uploads\/2025\/01\/IMG-20241227-WA0002-1-818x976.jpg 818w, https:\/\/radiomuseum-rheinland.de\/unserramu\/wp-content\/uploads\/2025\/01\/IMG-20241227-WA0002-1.jpg 1080w\" sizes=\"auto, (max-width: 251px) 100vw, 251px\" \/><\/figure>\n<\/div><\/div>\n<\/div>\n\n\n\n<div style=\"height:80px\" aria-hidden=\"true\" class=\"wp-block-spacer\"><\/div>\n\n\n\n<p class=\"has-text-align-center has-medium-font-size\"><strong>Wir werden beiden ein geb\u00fchrendes Andenken erhalten.<\/strong><\/p>\n\n\n<hr \/>\n<p>&nbsp;<\/p>\n\n\n<div class=\"wp-block-group\"><div class=\"wp-block-group__inner-container is-layout-constrained wp-block-group-is-layout-constrained\">\n<div class=\"wp-block-group is-layout-grid wp-container-core-group-is-layout-baef362d wp-block-group-is-layout-grid\">\n<figure class=\"wp-block-image size-medium wp-container-content-5e2576f9\"><img loading=\"lazy\" decoding=\"async\" width=\"400\" height=\"300\" src=\"https:\/\/radiomuseum-rheinland.de\/unserramu\/wp-content\/uploads\/2025\/01\/stammtisch-radiomuseum-sep-2014-0019-400x300.jpg\" alt=\"\" class=\"wp-image-6869\" srcset=\"https:\/\/radiomuseum-rheinland.de\/unserramu\/wp-content\/uploads\/2025\/01\/stammtisch-radiomuseum-sep-2014-0019-400x300.jpg 400w, https:\/\/radiomuseum-rheinland.de\/unserramu\/wp-content\/uploads\/2025\/01\/stammtisch-radiomuseum-sep-2014-0019-768x576.jpg 768w, https:\/\/radiomuseum-rheinland.de\/unserramu\/wp-content\/uploads\/2025\/01\/stammtisch-radiomuseum-sep-2014-0019.jpg 799w\" sizes=\"auto, (max-width: 400px) 100vw, 400px\" \/><\/figure>\n\n\n\n<figure class=\"wp-block-image size-medium wp-container-content-5e2576f9\"><img loading=\"lazy\" decoding=\"async\" width=\"400\" height=\"300\" src=\"https:\/\/radiomuseum-rheinland.de\/unserramu\/wp-content\/uploads\/2025\/01\/stammtisch-radiomuseum-sep-2014-0021-400x300.jpg\" alt=\"\" class=\"wp-image-6870\" srcset=\"https:\/\/radiomuseum-rheinland.de\/unserramu\/wp-content\/uploads\/2025\/01\/stammtisch-radiomuseum-sep-2014-0021-400x300.jpg 400w, https:\/\/radiomuseum-rheinland.de\/unserramu\/wp-content\/uploads\/2025\/01\/stammtisch-radiomuseum-sep-2014-0021-768x576.jpg 768w, https:\/\/radiomuseum-rheinland.de\/unserramu\/wp-content\/uploads\/2025\/01\/stammtisch-radiomuseum-sep-2014-0021.jpg 799w\" sizes=\"auto, (max-width: 400px) 100vw, 400px\" \/><\/figure>\n<\/div>\n<\/div><\/div>\n\n\n\n<div style=\"height:18px\" aria-hidden=\"true\" class=\"wp-block-spacer\"><\/div>\n\n\n\n<div class=\"wp-block-group\"><div class=\"wp-block-group__inner-container is-layout-constrained wp-block-group-is-layout-constrained\">\n<div class=\"wp-block-group is-layout-grid wp-container-core-group-is-layout-6059c0ab wp-block-group-is-layout-grid\">\n<figure class=\"wp-block-image size-full\"><img loading=\"lazy\" decoding=\"async\" width=\"799\" height=\"599\" src=\"https:\/\/radiomuseum-rheinland.de\/unserramu\/wp-content\/uploads\/2025\/01\/stammtisch-radiomuseum-sep-2014-0026.jpg\" alt=\"\" class=\"wp-image-6871\" srcset=\"https:\/\/radiomuseum-rheinland.de\/unserramu\/wp-content\/uploads\/2025\/01\/stammtisch-radiomuseum-sep-2014-0026.jpg 799w, https:\/\/radiomuseum-rheinland.de\/unserramu\/wp-content\/uploads\/2025\/01\/stammtisch-radiomuseum-sep-2014-0026-400x300.jpg 400w, https:\/\/radiomuseum-rheinland.de\/unserramu\/wp-content\/uploads\/2025\/01\/stammtisch-radiomuseum-sep-2014-0026-768x576.jpg 768w\" sizes=\"auto, (max-width: 799px) 100vw, 799px\" \/><\/figure>\n\n\n\n<figure class=\"wp-block-image size-full\"><img loading=\"lazy\" decoding=\"async\" width=\"1280\" height=\"961\" src=\"https:\/\/radiomuseum-rheinland.de\/unserramu\/wp-content\/uploads\/2025\/01\/stammtisch-radiomuseum-apr-2009-025.jpg\" alt=\"\" class=\"wp-image-6872\" srcset=\"https:\/\/radiomuseum-rheinland.de\/unserramu\/wp-content\/uploads\/2025\/01\/stammtisch-radiomuseum-apr-2009-025.jpg 1280w, https:\/\/radiomuseum-rheinland.de\/unserramu\/wp-content\/uploads\/2025\/01\/stammtisch-radiomuseum-apr-2009-025-400x300.jpg 400w, https:\/\/radiomuseum-rheinland.de\/unserramu\/wp-content\/uploads\/2025\/01\/stammtisch-radiomuseum-apr-2009-025-768x577.jpg 768w\" sizes=\"auto, (max-width: 1280px) 100vw, 1280px\" \/><\/figure>\n\n\n\n<figure class=\"wp-block-image size-full\"><img loading=\"lazy\" decoding=\"async\" width=\"1280\" height=\"961\" src=\"https:\/\/radiomuseum-rheinland.de\/unserramu\/wp-content\/uploads\/2025\/01\/stammtisch-radiomuseum-apr-2009-020-1.jpg\" alt=\"\" class=\"wp-image-6879\" srcset=\"https:\/\/radiomuseum-rheinland.de\/unserramu\/wp-content\/uploads\/2025\/01\/stammtisch-radiomuseum-apr-2009-020-1.jpg 1280w, https:\/\/radiomuseum-rheinland.de\/unserramu\/wp-content\/uploads\/2025\/01\/stammtisch-radiomuseum-apr-2009-020-1-400x300.jpg 400w, https:\/\/radiomuseum-rheinland.de\/unserramu\/wp-content\/uploads\/2025\/01\/stammtisch-radiomuseum-apr-2009-020-1-768x577.jpg 768w\" sizes=\"auto, (max-width: 1280px) 100vw, 1280px\" \/><\/figure>\n<\/div>\n<\/div><\/div>\n\n\n\n<div style=\"height:29px\" aria-hidden=\"true\" class=\"wp-block-spacer\"><\/div>\n\n\n\n<div class=\"wp-block-group\"><div class=\"wp-block-group__inner-container is-layout-constrained wp-block-group-is-layout-constrained\">\n<p class=\"has-text-align-center\"><strong>Einige Fotos von unseren Stammtischtreffen, bei denen Detlev seit fast 20 Jahren sein Engagement unter Beweis stellte.<\/strong><\/p>\n<\/div><\/div>\n\n\n<hr \/>\n<p>&nbsp;<\/p>\n\n\n<div style=\"height:80px\" aria-hidden=\"true\" class=\"wp-block-spacer\"><\/div>\n\n\n\n<div class=\"wp-block-media-text is-stacked-on-mobile is-style-default\" style=\"grid-template-columns:30% auto\"><figure class=\"wp-block-media-text__media\"><img loading=\"lazy\" decoding=\"async\" width=\"479\" height=\"976\" src=\"https:\/\/radiomuseum-rheinland.de\/unserramu\/wp-content\/uploads\/2025\/01\/IMG-20241218-WA0002_-479x976.jpg\" alt=\"\" class=\"wp-image-6893 size-large\" srcset=\"https:\/\/radiomuseum-rheinland.de\/unserramu\/wp-content\/uploads\/2025\/01\/IMG-20241218-WA0002_-479x976.jpg 479w, https:\/\/radiomuseum-rheinland.de\/unserramu\/wp-content\/uploads\/2025\/01\/IMG-20241218-WA0002_-147x300.jpg 147w, https:\/\/radiomuseum-rheinland.de\/unserramu\/wp-content\/uploads\/2025\/01\/IMG-20241218-WA0002_.jpg 710w\" sizes=\"auto, (max-width: 479px) 100vw, 479px\" \/><\/figure><div class=\"wp-block-media-text__content\">\n<p class=\"has-medium-font-size\">Neben dem Radiosammeln war der Motorroller seine zweite Leidenschaft.<\/p>\n<\/div><\/div>\n\n\n\n<div style=\"height:80px\" aria-hidden=\"true\" class=\"wp-block-spacer\"><\/div>\n\n\n\n<div style=\"height:80px\" aria-hidden=\"true\" class=\"wp-block-spacer\"><\/div>\n\n\n\n<p class=\"has-text-align-center\" style=\"font-size:16px\"><strong>Die gemeinsame Trauerfeier findet am 01.02.2025 um 09:30 Uhr bei Hamacher (D\u00fcrerstrasse 122 in Eschweiler) statt.<br>Danach findet die Beisetzung um 11:00 Uhr im Friedwald Merode (Schevenh\u00fcttenerstrasse, 52355 D\u00fcren) statt.<\/strong><\/p>\n\n\n\n<div style=\"height:100px\" aria-hidden=\"true\" class=\"wp-block-spacer\"><\/div>\n\n\n\n<p><\/p>\n\n\n\n<p><\/p>\n","protected":false},"excerpt":{"rendered":"<p>&nbsp; In Erinnerung an unseren am 17.12.2024 verstorbenen Freund und Kollegen,dem seine Frau leider am 25.12.2024 folgte. Detlev Krill \u2020 Wir werden beiden ein geb\u00fchrendes Andenken erhalten. &nbsp; Einige Fotos von unseren Stammtischtreffen, bei denen Detlev seit fast 20 Jahren sein Engagement unter Beweis stellte. &nbsp; Neben dem Radiosammeln war der Motorroller seine zweite Leidenschaft. &hellip; <a href=\"https:\/\/radiomuseum-rheinland.de\/unserramu\/sonderseiten\/in-erinnerung-detlev-krill\/\" class=\"more-link\"><span class=\"screen-reader-text\">In Erinnerung &#8211; Detlev Krill<\/span> weiterlesen <span class=\"meta-nav\">&rarr;<\/span><\/a><\/p>\n","protected":false},"author":1,"featured_media":0,"parent":100,"menu_order":16,"comment_status":"closed","ping_status":"closed","template":"","meta":{"footnotes":""},"class_list":["post-6832","page","type-page","status-publish","hentry"],"_links":{"self":[{"href":"https:\/\/radiomuseum-rheinland.de\/unserramu\/wp-json\/wp\/v2\/pages\/6832","targetHints":{"allow":["GET"]}}],"collection":[{"href":"https:\/\/radiomuseum-rheinland.de\/unserramu\/wp-json\/wp\/v2\/pages"}],"about":[{"href":"https:\/\/radiomuseum-rheinland.de\/unserramu\/wp-json\/wp\/v2\/types\/page"}],"author":[{"embeddable":true,"href":"https:\/\/radiomuseum-rheinland.de\/unserramu\/wp-json\/wp\/v2\/users\/1"}],"replies":[{"embeddable":true,"href":"https:\/\/radiomuseum-rheinland.de\/unserramu\/wp-json\/wp\/v2\/comments?post=6832"}],"version-history":[{"count":73,"href":"https:\/\/radiomuseum-rheinland.de\/unserramu\/wp-json\/wp\/v2\/pages\/6832\/revisions"}],"predecessor-version":[{"id":6928,"href":"https:\/\/radiomuseum-rheinland.de\/unserramu\/wp-json\/wp\/v2\/pages\/6832\/revisions\/6928"}],"up":[{"embeddable":true,"href":"https:\/\/radiomuseum-rheinland.de\/unserramu\/wp-json\/wp\/v2\/pages\/100"}],"wp:attachment":[{"href":"https:\/\/radiomuseum-rheinland.de\/unserramu\/wp-json\/wp\/v2\/media?parent=6832"}],"curies":[{"name":"wp","href":"https:\/\/api.w.org\/{rel}","templated":true}]}}