
{"id":53,"date":"2017-12-08T00:28:59","date_gmt":"2017-12-07T23:28:59","guid":{"rendered":"https:\/\/unser.radiomuseum-rheinland.de\/?page_id=53"},"modified":"2019-07-20T19:07:37","modified_gmt":"2019-07-20T17:07:37","slug":"ueber-mich","status":"publish","type":"page","link":"https:\/\/radiomuseum-rheinland.de\/unserramu\/ueber-mich\/","title":{"rendered":"\u00dcber Uns"},"content":{"rendered":"<h3><\/h3>\n<h3 style=\"padding-left: 30px;\">Unser Radiosammler-Stammtisch Niederrhein<\/h3>\n<p style=\"padding-left: 40px;\">Der Radiosammler-Stammtisch Niederrhein ist ein lockerer Zusammenschlu\u00df interessierter Radiosammler aus der Region westliches NRW. Wir sind kein Verein &#8211; kein eingetragener, aber auch kein nicht eingetragener. Wir haben aber auch Interessenten &#8222;von weiter weg&#8220;. Der Stammtisch wurde im Jahr 2004 ins Leben\u00a0 gerufen. Damals, im Januar 2004, rief unser Kollege Holger Pflug erstmals im radiomuseum.org zu einem regionalen Treffen auf. Dieses fand dann Ende Dezember 2004 auf dem Dachboden seines Hauses in Nettetal statt. Der Radiosammler-Stammtisch Niederrhein war geboren.<\/p>\n<p style=\"padding-left: 40px;\">Es folgten weitere Treffen am 18.03.2005 und 01.07.2005 \u2013 damals leider ohne Fotos. Den richtigen Aufschwung bekam der Stammtisch mit zwei im Jahr 2006 in der Werkstatt und den Verkaufsr\u00e4umen eines ehemaligen Rundfunk- und Fernsehgesch\u00e4fts durchgef\u00fchrten Treffen in Uedem am Niederrhein. Pl\u00f6tzlich standen rund 25 Teilnehmer auf der Matte.<\/p>\n<p style=\"padding-left: 40px;\">Seither ist der Kreis der Interessierten immer weiter gewachsen, die Mailingliste umfa\u00dft aktuell knapp 70 Personen, zu den Treffen erscheinen meistens 30 bis 40 Teilnehmer. Es finden pro Jahr 3 Treffen an wechselnden Orten am Niederrhein statt.\u00a0 Schwerpunkt ist die Region Nettetal-Viersen-M\u00f6nchengladbach.<\/p>\n<p style=\"padding-left: 40px;\">\n","protected":false},"excerpt":{"rendered":"<p>Unser Radiosammler-Stammtisch Niederrhein Der Radiosammler-Stammtisch Niederrhein ist ein lockerer Zusammenschlu\u00df interessierter Radiosammler aus der Region westliches NRW. Wir sind kein Verein &#8211; kein eingetragener, aber auch kein nicht eingetragener. Wir haben aber auch Interessenten &#8222;von weiter weg&#8220;. Der Stammtisch wurde im Jahr 2004 ins Leben\u00a0 gerufen. Damals, im Januar 2004, rief unser Kollege Holger Pflug &hellip; <a href=\"https:\/\/radiomuseum-rheinland.de\/unserramu\/ueber-mich\/\" class=\"more-link\"><span class=\"screen-reader-text\">\u00dcber Uns<\/span> weiterlesen <span class=\"meta-nav\">&rarr;<\/span><\/a><\/p>\n","protected":false},"author":1,"featured_media":171,"parent":0,"menu_order":23,"comment_status":"closed","ping_status":"closed","template":"","meta":{"footnotes":""},"class_list":["post-53","page","type-page","status-publish","has-post-thumbnail","hentry"],"_links":{"self":[{"href":"https:\/\/radiomuseum-rheinland.de\/unserramu\/wp-json\/wp\/v2\/pages\/53","targetHints":{"allow":["GET"]}}],"collection":[{"href":"https:\/\/radiomuseum-rheinland.de\/unserramu\/wp-json\/wp\/v2\/pages"}],"about":[{"href":"https:\/\/radiomuseum-rheinland.de\/unserramu\/wp-json\/wp\/v2\/types\/page"}],"author":[{"embeddable":true,"href":"https:\/\/radiomuseum-rheinland.de\/unserramu\/wp-json\/wp\/v2\/users\/1"}],"replies":[{"embeddable":true,"href":"https:\/\/radiomuseum-rheinland.de\/unserramu\/wp-json\/wp\/v2\/comments?post=53"}],"version-history":[{"count":21,"href":"https:\/\/radiomuseum-rheinland.de\/unserramu\/wp-json\/wp\/v2\/pages\/53\/revisions"}],"predecessor-version":[{"id":4114,"href":"https:\/\/radiomuseum-rheinland.de\/unserramu\/wp-json\/wp\/v2\/pages\/53\/revisions\/4114"}],"wp:featuredmedia":[{"embeddable":true,"href":"https:\/\/radiomuseum-rheinland.de\/unserramu\/wp-json\/wp\/v2\/media\/171"}],"wp:attachment":[{"href":"https:\/\/radiomuseum-rheinland.de\/unserramu\/wp-json\/wp\/v2\/media?parent=53"}],"curies":[{"name":"wp","href":"https:\/\/api.w.org\/{rel}","templated":true}]}}