
{"id":2218,"date":"2018-03-29T19:33:56","date_gmt":"2018-03-29T17:33:56","guid":{"rendered":"https:\/\/radiomuseum-rheinland.de\/unserramu\/stammtisch-treffen\/2005-2009\/09-stammtisch-14-04-2007\/"},"modified":"2018-04-14T00:05:20","modified_gmt":"2018-04-13T22:05:20","slug":"09-stammtisch-14-04-2007","status":"publish","type":"page","link":"https:\/\/radiomuseum-rheinland.de\/unserramu\/stammtisch-treffen\/2005-2009\/09-stammtisch-14-04-2007\/","title":{"rendered":"09. Stammtisch &#8211; 14.04.2007"},"content":{"rendered":"<p>&nbsp;<\/p>\n<h3>Am 14. April 2007 trafen sich 14 begeisterte Radiosammler bei unserem Kollegen Ottmar Rollmann in Schwalmtal-L\u00fcttelforst, einem idyllischen Ort zwischen M\u00f6nchengladbach und der niederl\u00e4ndischen Grenze.<\/h3>\n<p>&nbsp;<\/p>\n<figure id=\"attachment_2563\" aria-describedby=\"caption-attachment-2563\" style=\"width: 474px\" class=\"wp-caption alignleft\"><a href=\"https:\/\/radiomuseum-rheinland.de\/unserramu\/wp-content\/uploads\/2018\/04\/stammtisch-radiomuseum-04-2007-001.jpg\" rel=\"lightbox[2218]\"><img loading=\"lazy\" decoding=\"async\" class=\"wp-image-2563 size-large\" src=\"https:\/\/radiomuseum-rheinland.de\/unserramu\/wp-content\/uploads\/2018\/04\/stammtisch-radiomuseum-04-2007-001-1296x973.jpg\" alt=\"\" width=\"474\" height=\"356\" srcset=\"https:\/\/radiomuseum-rheinland.de\/unserramu\/wp-content\/uploads\/2018\/04\/stammtisch-radiomuseum-04-2007-001-1296x973.jpg 1296w, https:\/\/radiomuseum-rheinland.de\/unserramu\/wp-content\/uploads\/2018\/04\/stammtisch-radiomuseum-04-2007-001-400x300.jpg 400w, https:\/\/radiomuseum-rheinland.de\/unserramu\/wp-content\/uploads\/2018\/04\/stammtisch-radiomuseum-04-2007-001-768x577.jpg 768w, https:\/\/radiomuseum-rheinland.de\/unserramu\/wp-content\/uploads\/2018\/04\/stammtisch-radiomuseum-04-2007-001.jpg 1400w\" sizes=\"auto, (max-width: 474px) 100vw, 474px\" \/><\/a><figcaption id=\"caption-attachment-2563\" class=\"wp-caption-text\">L\u00e4ssig an der Lampe: Wolfgang Laps; sitzend: Holger Pflug; mit dem R\u00fccken zur Kamera: Waldemar Boros und Theo Bodden; an der Wand: Rolf Nooten; nur der Kopf: Hilmer Grunert; schr\u00e4g davor: Hartmut Daniels: vom Gastgeber, Ottmar Rollmann, ist leider nur der halbe Kopf im Fensterkreuz zu ernennen.<\/figcaption><\/figure>\n<p>Blick auf die Terrasse.<\/p>\n<p>Es werden einige Ger\u00e4te zur Anschauung pr\u00e4sentiert, aber auch einiges u. a. ein Grundig TK5, hier rechts hinten auf dem Tisch zu sehen, von Sammler an Sammler verschenkt.<\/p>\n<p>Die Gaslaterne, an die sich unser Kollege Wolfgang Laps so l\u00e4ssig lehnt, wird im Hause Rollmann stilgerecht aus einem Energieversorgungsraum durch eine unterirdisch verlegte Gaspipeline aus einer Propangasflasche versorgt.<\/p>\n<p>Die Lampen wurden von unserem Kollegen seinerzeit nach dem Abbau der Gasbeleuchtung der D\u00fcsseldorfer Altstadt erstanden und auf seinem Anwesen fachgerecht installiert.<\/p>\n<p>&nbsp;<\/p>\n<p>&nbsp;<\/p>\n<p>&nbsp;<\/p>\n<figure id=\"attachment_2564\" aria-describedby=\"caption-attachment-2564\" style=\"width: 474px\" class=\"wp-caption alignright\"><a href=\"https:\/\/radiomuseum-rheinland.de\/unserramu\/wp-content\/uploads\/2018\/04\/stammtisch-radiomuseum-04-2007-002.jpg\" rel=\"lightbox[2218]\"><img loading=\"lazy\" decoding=\"async\" class=\"wp-image-2564 size-large\" src=\"https:\/\/radiomuseum-rheinland.de\/unserramu\/wp-content\/uploads\/2018\/04\/stammtisch-radiomuseum-04-2007-002-1296x973.jpg\" alt=\"\" width=\"474\" height=\"356\" srcset=\"https:\/\/radiomuseum-rheinland.de\/unserramu\/wp-content\/uploads\/2018\/04\/stammtisch-radiomuseum-04-2007-002-1296x973.jpg 1296w, https:\/\/radiomuseum-rheinland.de\/unserramu\/wp-content\/uploads\/2018\/04\/stammtisch-radiomuseum-04-2007-002-400x300.jpg 400w, https:\/\/radiomuseum-rheinland.de\/unserramu\/wp-content\/uploads\/2018\/04\/stammtisch-radiomuseum-04-2007-002-768x577.jpg 768w, https:\/\/radiomuseum-rheinland.de\/unserramu\/wp-content\/uploads\/2018\/04\/stammtisch-radiomuseum-04-2007-002.jpg 1400w\" sizes=\"auto, (max-width: 474px) 100vw, 474px\" \/><\/a><figcaption id=\"caption-attachment-2564\" class=\"wp-caption-text\">v.L.n.R: sitzend: Holger Pflug; auf der Fensterbank: Ottmar Rollmann; am Ger\u00e4t: Markus Kothen; stehend: Hilmer Grunert; dahinter versteckt: Rolf Nooten; stehend: Waldemar Boros, Theo Bodden und Hartmut Daniels.<\/figcaption><\/figure>\n<p>&nbsp;<\/p>\n<p>Allgemeine Ratlosigkeit beim Betrachten des von Waldemar Boros mitgebrachten Ger\u00e4tes, eines SABA Kofferger\u00e4tes mit Radio, TV und eingebautem VHS-Video-Recorder und LCD-Bildschirm &#8211; Betrieb \u00fcber 9,6V-Akku oder Steckernetzteil mit mindestens 2-3A (sch\u00e4tzungsweise). Wohl erst knapp 25 Jahre alt aber doch ein Unikat.<\/p>\n<p>Also nix wie hoch in die Werkstatt und das Ding an ein stabilisiertes, regelbares Labornetzteil mit entsprechend gr\u00f6\u00dferer Leistungsreserve angeschlossen und getestet!<\/p>\n<p>&nbsp;<\/p>\n<p>&nbsp;<\/p>\n<p>&nbsp;<\/p>\n<p>&nbsp;<\/p>\n<figure id=\"attachment_2565\" aria-describedby=\"caption-attachment-2565\" style=\"width: 474px\" class=\"wp-caption alignleft\"><a href=\"https:\/\/radiomuseum-rheinland.de\/unserramu\/wp-content\/uploads\/2018\/04\/stammtisch-radiomuseum-04-2007-003.jpg\" rel=\"lightbox[2218]\"><img loading=\"lazy\" decoding=\"async\" class=\"wp-image-2565 size-large\" src=\"https:\/\/radiomuseum-rheinland.de\/unserramu\/wp-content\/uploads\/2018\/04\/stammtisch-radiomuseum-04-2007-003-1296x973.jpg\" alt=\"\" width=\"474\" height=\"356\" srcset=\"https:\/\/radiomuseum-rheinland.de\/unserramu\/wp-content\/uploads\/2018\/04\/stammtisch-radiomuseum-04-2007-003-1296x973.jpg 1296w, https:\/\/radiomuseum-rheinland.de\/unserramu\/wp-content\/uploads\/2018\/04\/stammtisch-radiomuseum-04-2007-003-400x300.jpg 400w, https:\/\/radiomuseum-rheinland.de\/unserramu\/wp-content\/uploads\/2018\/04\/stammtisch-radiomuseum-04-2007-003-768x577.jpg 768w, https:\/\/radiomuseum-rheinland.de\/unserramu\/wp-content\/uploads\/2018\/04\/stammtisch-radiomuseum-04-2007-003.jpg 1400w\" sizes=\"auto, (max-width: 474px) 100vw, 474px\" \/><\/a><figcaption id=\"caption-attachment-2565\" class=\"wp-caption-text\">Links und Rechts gro\u00df im Bild beim Gespr\u00e4ch: Theo Bodden und M\u00fcmin \u00d6n\u00fct; im Hintergrund ohne Gesicht, der f\u00fcr geraume Zeit amtierende &#8222;Werkstattleiter&#8220; in Ottmars Reich: Uli Amsel; den guten Klang der Ger\u00e4te gewohnt: Eddy K\u00f6nig; vor dem Ger\u00e4t: Markus Kothen.<\/figcaption><\/figure>\n<p>&nbsp;<\/p>\n<p>Zuf\u00e4llig ergab sich die Zusammenkunft 3er Siemens Super, die kleinere Fehler aufwiesen und sofort in Ottmars Werkstatt repariert werden konnten.<\/p>\n<p>Darunter z.B. eine defekte Siebdrossel mit Windungsschluss, diverse Kontaktschwierigkeiten mit Wellenschaltern und Klangregistern. Nach erfolgter Reparatur wurden besagte Ger\u00e4te auf der Terrasse zum Probelauf aufgebaut (nat\u00fcrlich alle mit gleichem Sender eingestellt\u00a0 \ud83d\ude09\u00a0 ).<\/p>\n<p>Im Hintergrund \u00fcbrigens der &#8222;Energieschuppen&#8220; mit der Gasversorgung f\u00fcr die Lampen.<\/p>\n<p>&nbsp;<\/p>\n<p>&nbsp;<\/p>\n<figure id=\"attachment_2566\" aria-describedby=\"caption-attachment-2566\" style=\"width: 474px\" class=\"wp-caption alignright\"><a href=\"https:\/\/radiomuseum-rheinland.de\/unserramu\/wp-content\/uploads\/2018\/04\/stammtisch-radiomuseum-04-2007-004.jpg\" rel=\"lightbox[2218]\"><img loading=\"lazy\" decoding=\"async\" class=\"wp-image-2566 size-large\" src=\"https:\/\/radiomuseum-rheinland.de\/unserramu\/wp-content\/uploads\/2018\/04\/stammtisch-radiomuseum-04-2007-004-1296x973.jpg\" alt=\"\" width=\"474\" height=\"356\" srcset=\"https:\/\/radiomuseum-rheinland.de\/unserramu\/wp-content\/uploads\/2018\/04\/stammtisch-radiomuseum-04-2007-004-1296x973.jpg 1296w, https:\/\/radiomuseum-rheinland.de\/unserramu\/wp-content\/uploads\/2018\/04\/stammtisch-radiomuseum-04-2007-004-400x300.jpg 400w, https:\/\/radiomuseum-rheinland.de\/unserramu\/wp-content\/uploads\/2018\/04\/stammtisch-radiomuseum-04-2007-004-768x577.jpg 768w, https:\/\/radiomuseum-rheinland.de\/unserramu\/wp-content\/uploads\/2018\/04\/stammtisch-radiomuseum-04-2007-004.jpg 1400w\" sizes=\"auto, (max-width: 474px) 100vw, 474px\" \/><\/a><figcaption id=\"caption-attachment-2566\" class=\"wp-caption-text\">Links oben im Hintergrund ist &#8222;Werkstattleiter&#8220; Uli Amsel etwas besser zu erkennen.<\/figcaption><\/figure>\n<p>&nbsp;<\/p>\n<p>&nbsp;<\/p>\n<p>Sichtlich begeistert zeigt sich unser Kollege Theo Bodden, nachdem sein Akkord Transistor nach einer ausgiebigen Behandlung mit den entsprechenden Sprays keinerlei Mucken mehr aufweist.<\/p>\n<p>&nbsp;<\/p>\n<p>&nbsp;<\/p>\n<p>&nbsp;<\/p>\n<p>&nbsp;<\/p>\n<p><a href=\"https:\/\/radiomuseum-rheinland.de\/unserramu\/wp-content\/uploads\/2018\/04\/stammtisch-radiomuseum-04-2007-005.jpg\" rel=\"lightbox[2218]\"><img loading=\"lazy\" decoding=\"async\" class=\"alignleft wp-image-2567 size-large\" src=\"https:\/\/radiomuseum-rheinland.de\/unserramu\/wp-content\/uploads\/2018\/04\/stammtisch-radiomuseum-04-2007-005-1296x973.jpg\" alt=\"\" width=\"474\" height=\"356\" srcset=\"https:\/\/radiomuseum-rheinland.de\/unserramu\/wp-content\/uploads\/2018\/04\/stammtisch-radiomuseum-04-2007-005-1296x973.jpg 1296w, https:\/\/radiomuseum-rheinland.de\/unserramu\/wp-content\/uploads\/2018\/04\/stammtisch-radiomuseum-04-2007-005-400x300.jpg 400w, https:\/\/radiomuseum-rheinland.de\/unserramu\/wp-content\/uploads\/2018\/04\/stammtisch-radiomuseum-04-2007-005-768x577.jpg 768w, https:\/\/radiomuseum-rheinland.de\/unserramu\/wp-content\/uploads\/2018\/04\/stammtisch-radiomuseum-04-2007-005.jpg 1400w\" sizes=\"auto, (max-width: 474px) 100vw, 474px\" \/><\/a><\/p>\n<p>&nbsp;<\/p>\n<p>Holger Pflug bei der Stimmenausz\u00e4hlung des Preisr\u00e4tsels.<\/p>\n<p>&nbsp;<\/p>\n<p>&nbsp;<\/p>\n<p>&nbsp;<\/p>\n<p>&nbsp;<\/p>\n<p>&nbsp;<\/p>\n<p>&nbsp;<\/p>\n<p>&nbsp;<\/p>\n<p><a href=\"https:\/\/radiomuseum-rheinland.de\/unserramu\/wp-content\/uploads\/2018\/04\/stammtisch-radiomuseum-04-2007-006.jpg\" rel=\"lightbox[2218]\"><img loading=\"lazy\" decoding=\"async\" class=\"alignright wp-image-2568 size-large\" src=\"https:\/\/radiomuseum-rheinland.de\/unserramu\/wp-content\/uploads\/2018\/04\/stammtisch-radiomuseum-04-2007-006-1296x973.jpg\" alt=\"\" width=\"474\" height=\"356\" srcset=\"https:\/\/radiomuseum-rheinland.de\/unserramu\/wp-content\/uploads\/2018\/04\/stammtisch-radiomuseum-04-2007-006-1296x973.jpg 1296w, https:\/\/radiomuseum-rheinland.de\/unserramu\/wp-content\/uploads\/2018\/04\/stammtisch-radiomuseum-04-2007-006-400x300.jpg 400w, https:\/\/radiomuseum-rheinland.de\/unserramu\/wp-content\/uploads\/2018\/04\/stammtisch-radiomuseum-04-2007-006-768x577.jpg 768w, https:\/\/radiomuseum-rheinland.de\/unserramu\/wp-content\/uploads\/2018\/04\/stammtisch-radiomuseum-04-2007-006.jpg 1400w\" sizes=\"auto, (max-width: 474px) 100vw, 474px\" \/><\/a><\/p>\n<p>Aufruf zum Preisausschreiben:<\/p>\n<p>Holger Pflug brachte einen Grundig Receiver RTV 900a, den er doppelt in seinem Bestand hatte mit und stiftete ihn f\u00fcr eine Verlosung. Es galt, das Baujahr dieses Ger\u00e4tes auf den Monat genau zu sch\u00e4tzen (oder zu wissen).<\/p>\n<p>Schnell war eine Liste mit allen Namen angefertigt, auf der jeder sein gesch\u00e4tztes Datum eintrug. Derjenige, der dem Zielmonat am n\u00e4chsten kommt, sollte das Ger\u00e4t in Spielbereitem Zustand incl. 2 Dual Lautsprecherboxen erhalten.<\/p>\n<p>Das Los fiel auf Rolf Nooten, der mit 1 Monat Differenz am n\u00e4chsten lag. Er tippte 03\/1973 &#8211; richtig ist: 04\/1973.<\/p>\n<p>&nbsp;<\/p>\n<p>&nbsp;<\/p>\n<p>&nbsp;<\/p>\n<p style=\"text-align: right;\"><a href=\"https:\/\/radiomuseum-rheinland.de\/unserramu\/wp-content\/uploads\/2018\/04\/stammtisch-radiomuseum-04-2007-007.jpg\" rel=\"lightbox[2218]\"><img loading=\"lazy\" decoding=\"async\" class=\"alignleft wp-image-2569 size-medium\" src=\"https:\/\/radiomuseum-rheinland.de\/unserramu\/wp-content\/uploads\/2018\/04\/stammtisch-radiomuseum-04-2007-007-400x300.jpg\" alt=\"\" width=\"400\" height=\"300\" srcset=\"https:\/\/radiomuseum-rheinland.de\/unserramu\/wp-content\/uploads\/2018\/04\/stammtisch-radiomuseum-04-2007-007-400x300.jpg 400w, https:\/\/radiomuseum-rheinland.de\/unserramu\/wp-content\/uploads\/2018\/04\/stammtisch-radiomuseum-04-2007-007-768x577.jpg 768w, https:\/\/radiomuseum-rheinland.de\/unserramu\/wp-content\/uploads\/2018\/04\/stammtisch-radiomuseum-04-2007-007-1296x973.jpg 1296w, https:\/\/radiomuseum-rheinland.de\/unserramu\/wp-content\/uploads\/2018\/04\/stammtisch-radiomuseum-04-2007-007.jpg 1400w\" sizes=\"auto, (max-width: 400px) 100vw, 400px\" \/><\/a><a href=\"https:\/\/radiomuseum-rheinland.de\/unserramu\/wp-content\/uploads\/2018\/04\/stammtisch-radiomuseum-04-2007-008.jpg\" rel=\"lightbox[2218]\"><img loading=\"lazy\" decoding=\"async\" class=\"alignright wp-image-2570 size-medium\" src=\"https:\/\/radiomuseum-rheinland.de\/unserramu\/wp-content\/uploads\/2018\/04\/stammtisch-radiomuseum-04-2007-008-400x300.jpg\" alt=\"\" width=\"400\" height=\"300\" srcset=\"https:\/\/radiomuseum-rheinland.de\/unserramu\/wp-content\/uploads\/2018\/04\/stammtisch-radiomuseum-04-2007-008-400x300.jpg 400w, https:\/\/radiomuseum-rheinland.de\/unserramu\/wp-content\/uploads\/2018\/04\/stammtisch-radiomuseum-04-2007-008-768x577.jpg 768w, https:\/\/radiomuseum-rheinland.de\/unserramu\/wp-content\/uploads\/2018\/04\/stammtisch-radiomuseum-04-2007-008-1296x973.jpg 1296w, https:\/\/radiomuseum-rheinland.de\/unserramu\/wp-content\/uploads\/2018\/04\/stammtisch-radiomuseum-04-2007-008.jpg 1400w\" sizes=\"auto, (max-width: 400px) 100vw, 400px\" \/><\/a><\/p>\n<p>&nbsp;<\/p>\n<p>&nbsp;<\/p>\n<p>&nbsp;<\/p>\n<p>&nbsp;<\/p>\n<p>&nbsp;<\/p>\n<p>&nbsp;<\/p>\n<p>&nbsp;<\/p>\n<p>&nbsp;<\/p>\n<p>&nbsp;<\/p>\n","protected":false},"excerpt":{"rendered":"<p>&nbsp; Am 14. April 2007 trafen sich 14 begeisterte Radiosammler bei unserem Kollegen Ottmar Rollmann in Schwalmtal-L\u00fcttelforst, einem idyllischen Ort zwischen M\u00f6nchengladbach und der niederl\u00e4ndischen Grenze. &nbsp; Blick auf die Terrasse. Es werden einige Ger\u00e4te zur Anschauung pr\u00e4sentiert, aber auch einiges u. a. ein Grundig TK5, hier rechts hinten auf dem Tisch zu sehen, von &hellip; <a href=\"https:\/\/radiomuseum-rheinland.de\/unserramu\/stammtisch-treffen\/2005-2009\/09-stammtisch-14-04-2007\/\" class=\"more-link\"><span class=\"screen-reader-text\">09. Stammtisch &#8211; 14.04.2007<\/span> weiterlesen <span class=\"meta-nav\">&rarr;<\/span><\/a><\/p>\n","protected":false},"author":1,"featured_media":0,"parent":331,"menu_order":27,"comment_status":"closed","ping_status":"closed","template":"","meta":{"footnotes":""},"class_list":["post-2218","page","type-page","status-publish","hentry"],"_links":{"self":[{"href":"https:\/\/radiomuseum-rheinland.de\/unserramu\/wp-json\/wp\/v2\/pages\/2218","targetHints":{"allow":["GET"]}}],"collection":[{"href":"https:\/\/radiomuseum-rheinland.de\/unserramu\/wp-json\/wp\/v2\/pages"}],"about":[{"href":"https:\/\/radiomuseum-rheinland.de\/unserramu\/wp-json\/wp\/v2\/types\/page"}],"author":[{"embeddable":true,"href":"https:\/\/radiomuseum-rheinland.de\/unserramu\/wp-json\/wp\/v2\/users\/1"}],"replies":[{"embeddable":true,"href":"https:\/\/radiomuseum-rheinland.de\/unserramu\/wp-json\/wp\/v2\/comments?post=2218"}],"version-history":[{"count":31,"href":"https:\/\/radiomuseum-rheinland.de\/unserramu\/wp-json\/wp\/v2\/pages\/2218\/revisions"}],"predecessor-version":[{"id":2934,"href":"https:\/\/radiomuseum-rheinland.de\/unserramu\/wp-json\/wp\/v2\/pages\/2218\/revisions\/2934"}],"up":[{"embeddable":true,"href":"https:\/\/radiomuseum-rheinland.de\/unserramu\/wp-json\/wp\/v2\/pages\/331"}],"wp:attachment":[{"href":"https:\/\/radiomuseum-rheinland.de\/unserramu\/wp-json\/wp\/v2\/media?parent=2218"}],"curies":[{"name":"wp","href":"https:\/\/api.w.org\/{rel}","templated":true}]}}