
{"id":2217,"date":"2018-03-29T19:29:46","date_gmt":"2018-03-29T17:29:46","guid":{"rendered":"https:\/\/radiomuseum-rheinland.de\/unserramu\/stammtisch-treffen\/2005-2009\/10-stammtisch-01-09-2007\/"},"modified":"2018-04-06T23:38:59","modified_gmt":"2018-04-06T21:38:59","slug":"10-stammtisch-01-09-2007","status":"publish","type":"page","link":"https:\/\/radiomuseum-rheinland.de\/unserramu\/stammtisch-treffen\/2005-2009\/10-stammtisch-01-09-2007\/","title":{"rendered":"10. Stammtisch &#8211; 01.09.2007"},"content":{"rendered":"<p>&nbsp;<\/p>\n<h3>Am 1. September 2007 trafen sich 21 Radiosammler aus ganz Deutschland in M\u00f6nchengladbach<\/h3>\n<p>&nbsp;<\/p>\n<div id='gallery-1' class='gallery galleryid-2217 gallery-columns-6 gallery-size-thumbnail'><figure class='gallery-item'>\n\t\t\t<div class='gallery-icon landscape'>\n\t\t\t\t<a href='https:\/\/radiomuseum-rheinland.de\/unserramu\/wp-content\/uploads\/2018\/04\/stammtisch-radiomuseum-sept-2007-001.jpg' rel=\"lightbox[2217]\"><img loading=\"lazy\" decoding=\"async\" width=\"220\" height=\"220\" src=\"https:\/\/radiomuseum-rheinland.de\/unserramu\/wp-content\/uploads\/2018\/04\/stammtisch-radiomuseum-sept-2007-001-220x220.jpg\" class=\"attachment-thumbnail size-thumbnail\" alt=\"\" aria-describedby=\"gallery-1-2530\" \/><\/a>\n\t\t\t<\/div>\n\t\t\t\t<figcaption class='wp-caption-text gallery-caption' id='gallery-1-2530'>\n\t\t\t\tVorbereitung zur Willkommens-Ansprache durch Holger Pflug (ganz links), daneben Weigelt jun. &#8211; Stefan Weigelt &#8211; Horst Reinsch.  Auf dem Tisch schon die ersten Ger\u00e4te zur Begutachtung.\n\t\t\t\t<\/figcaption><\/figure><figure class='gallery-item'>\n\t\t\t<div class='gallery-icon landscape'>\n\t\t\t\t<a href='https:\/\/radiomuseum-rheinland.de\/unserramu\/wp-content\/uploads\/2018\/04\/stammtisch-radiomuseum-sept-2007-002.jpg' rel=\"lightbox[2217]\"><img loading=\"lazy\" decoding=\"async\" width=\"220\" height=\"220\" src=\"https:\/\/radiomuseum-rheinland.de\/unserramu\/wp-content\/uploads\/2018\/04\/stammtisch-radiomuseum-sept-2007-002-220x220.jpg\" class=\"attachment-thumbnail size-thumbnail\" alt=\"\" aria-describedby=\"gallery-1-2531\" \/><\/a>\n\t\t\t<\/div>\n\t\t\t\t<figcaption class='wp-caption-text gallery-caption' id='gallery-1-2531'>\n\t\t\t\tSo langsam hat es jeder mitbekommen, dass Holger etwas sagen will.  1.Bank: Herr Weigelt jun. &#8211; Stefan Weigelt &#8211; 2.Bank: Horst Reinsch &#8211; Wolfgang Hahn + Niel-Peter Hansen (beide aus Hamburg)  stehend: Rolf Nooten &#8211; Wolfgang Laps &#8211; Henning Oelkers\n\t\t\t\t<\/figcaption><\/figure><figure class='gallery-item'>\n\t\t\t<div class='gallery-icon landscape'>\n\t\t\t\t<a href='https:\/\/radiomuseum-rheinland.de\/unserramu\/wp-content\/uploads\/2018\/04\/stammtisch-radiomuseum-sept-2007-003.jpg' rel=\"lightbox[2217]\"><img loading=\"lazy\" decoding=\"async\" width=\"220\" height=\"220\" src=\"https:\/\/radiomuseum-rheinland.de\/unserramu\/wp-content\/uploads\/2018\/04\/stammtisch-radiomuseum-sept-2007-003-220x220.jpg\" class=\"attachment-thumbnail size-thumbnail\" alt=\"\" aria-describedby=\"gallery-1-2532\" \/><\/a>\n\t\t\t<\/div>\n\t\t\t\t<figcaption class='wp-caption-text gallery-caption' id='gallery-1-2532'>\n\t\t\t\tHenning Oelkers (im Vordergrund) beim Einweisen in die Bedienung verschiedener Oszilloskope. Dies fand in Gruppen statt, so dass jeder Interessierte teilnehmen konnte.\n\t\t\t\t<\/figcaption><\/figure><figure class='gallery-item'>\n\t\t\t<div class='gallery-icon landscape'>\n\t\t\t\t<a href='https:\/\/radiomuseum-rheinland.de\/unserramu\/wp-content\/uploads\/2018\/04\/stammtisch-radiomuseum-sept-2007-004.jpg' rel=\"lightbox[2217]\"><img loading=\"lazy\" decoding=\"async\" width=\"220\" height=\"220\" src=\"https:\/\/radiomuseum-rheinland.de\/unserramu\/wp-content\/uploads\/2018\/04\/stammtisch-radiomuseum-sept-2007-004-220x220.jpg\" class=\"attachment-thumbnail size-thumbnail\" alt=\"\" aria-describedby=\"gallery-1-2533\" \/><\/a>\n\t\t\t<\/div>\n\t\t\t\t<figcaption class='wp-caption-text gallery-caption' id='gallery-1-2533'>\n\t\t\t\tHenning Oelkers (Bildmitte) beim Einweisen in die Bedienung verschiedener Oszilloskope. Interessiert lauschen im Vordergrund: Wilhelm H\u00fcserich, der \u00e4lteste und Herr Weigelt junior, der j\u00fcngste Teilnehmer mit seinem Vater Stefan Weigelt.\n\t\t\t\t<\/figcaption><\/figure><figure class='gallery-item'>\n\t\t\t<div class='gallery-icon landscape'>\n\t\t\t\t<a href='https:\/\/radiomuseum-rheinland.de\/unserramu\/wp-content\/uploads\/2018\/04\/stammtisch-radiomuseum-sept-2007-005.jpg' rel=\"lightbox[2217]\"><img loading=\"lazy\" decoding=\"async\" width=\"220\" height=\"220\" src=\"https:\/\/radiomuseum-rheinland.de\/unserramu\/wp-content\/uploads\/2018\/04\/stammtisch-radiomuseum-sept-2007-005-220x220.jpg\" class=\"attachment-thumbnail size-thumbnail\" alt=\"\" aria-describedby=\"gallery-1-2534\" \/><\/a>\n\t\t\t<\/div>\n\t\t\t\t<figcaption class='wp-caption-text gallery-caption' id='gallery-1-2534'>\n\t\t\t\tAnsprache von Hans Stellmacher \u00fcber Bestand und Werdegang des Loewe Opta Radiomuseums in Waldfeucht-Bocket und das Angebot, den n\u00e4chsten Stammtisch bei ihm auszurichten, was allgemein sehr begr\u00fc\u00dft wurde. Personen v.l.: Lars Br\u00f6tje &#8211; Edith Mills &#8211; Johannes Auf der Lake &#8211; Hans Stellmacher\n\t\t\t\t<\/figcaption><\/figure><figure class='gallery-item'>\n\t\t\t<div class='gallery-icon landscape'>\n\t\t\t\t<a href='https:\/\/radiomuseum-rheinland.de\/unserramu\/wp-content\/uploads\/2018\/04\/stammtisch-radiomuseum-sept-2007-006.jpg' rel=\"lightbox[2217]\"><img loading=\"lazy\" decoding=\"async\" width=\"220\" height=\"220\" src=\"https:\/\/radiomuseum-rheinland.de\/unserramu\/wp-content\/uploads\/2018\/04\/stammtisch-radiomuseum-sept-2007-006-220x220.jpg\" class=\"attachment-thumbnail size-thumbnail\" alt=\"\" aria-describedby=\"gallery-1-2535\" \/><\/a>\n\t\t\t<\/div>\n\t\t\t\t<figcaption class='wp-caption-text gallery-caption' id='gallery-1-2535'>\n\t\t\t\tAnsprache von Hans Stellmacher \u00fcber Bestand und Werdegang des Loewe Opta Radiomuseums in Waldfeucht-Bocket und das Angebot, den n\u00e4chsten Stammtisch bei ihm auszurichten, was allgemein sehr begr\u00fc\u00dft wurde. Personen v.l.: Sprecher Hans Stellmacher &#8211; vor dem Mende 188 WU: Holger Pflug &#8211; 1.Bank: Herr Weigelt jun. &#8211; Stefan Weigelt &#8211; 2.Bank: Horst Reinsch &#8211; Wolfgang Hahn + Niel-Peter Hansen &#8211; 3.Bank: Rolf Nooten &#8211; Markus Kothen &#8211; stehend: Henning Oelkers\n\t\t\t\t<\/figcaption><\/figure><figure class='gallery-item'>\n\t\t\t<div class='gallery-icon landscape'>\n\t\t\t\t<a href='https:\/\/radiomuseum-rheinland.de\/unserramu\/wp-content\/uploads\/2018\/04\/stammtisch-radiomuseum-sept-2007-007.jpg' rel=\"lightbox[2217]\"><img loading=\"lazy\" decoding=\"async\" width=\"220\" height=\"220\" src=\"https:\/\/radiomuseum-rheinland.de\/unserramu\/wp-content\/uploads\/2018\/04\/stammtisch-radiomuseum-sept-2007-007-220x220.jpg\" class=\"attachment-thumbnail size-thumbnail\" alt=\"\" aria-describedby=\"gallery-1-2536\" \/><\/a>\n\t\t\t<\/div>\n\t\t\t\t<figcaption class='wp-caption-text gallery-caption' id='gallery-1-2536'>\n\t\t\t\tMit dem Beginn der Reparaturen wurde dann auch nicht gez\u00f6gert. Holger Pflug richtete einen mit Trenntafo, L\u00f6tstation und Isotest vollbest\u00fcckten Arbeitsplatz unterm Carport ein und begann umgehend mit kniffligen Reparaturen mitgebrachter Ger\u00e4te. In der Warteschlange schon der n\u00e4chste Kandidat ein VE 301.\n\t\t\t\t<\/figcaption><\/figure><figure class='gallery-item'>\n\t\t\t<div class='gallery-icon landscape'>\n\t\t\t\t<a href='https:\/\/radiomuseum-rheinland.de\/unserramu\/wp-content\/uploads\/2018\/04\/stammtisch-radiomuseum-sept-2007-008.jpg' rel=\"lightbox[2217]\"><img loading=\"lazy\" decoding=\"async\" width=\"220\" height=\"220\" src=\"https:\/\/radiomuseum-rheinland.de\/unserramu\/wp-content\/uploads\/2018\/04\/stammtisch-radiomuseum-sept-2007-008-220x220.jpg\" class=\"attachment-thumbnail size-thumbnail\" alt=\"\" aria-describedby=\"gallery-1-2537\" \/><\/a>\n\t\t\t<\/div>\n\t\t\t\t<figcaption class='wp-caption-text gallery-caption' id='gallery-1-2537'>\n\t\t\t\tHier bei\u00dfen sich gerade Henning Oelkers und Rolf Nooten an einem Grundig mit nervendem Netzbrumm die Z\u00e4hne aus.\n\t\t\t\t<\/figcaption><\/figure><figure class='gallery-item'>\n\t\t\t<div class='gallery-icon landscape'>\n\t\t\t\t<a href='https:\/\/radiomuseum-rheinland.de\/unserramu\/wp-content\/uploads\/2018\/04\/stammtisch-radiomuseum-sept-2007-009.jpg' rel=\"lightbox[2217]\"><img loading=\"lazy\" decoding=\"async\" width=\"220\" height=\"220\" src=\"https:\/\/radiomuseum-rheinland.de\/unserramu\/wp-content\/uploads\/2018\/04\/stammtisch-radiomuseum-sept-2007-009-220x220.jpg\" class=\"attachment-thumbnail size-thumbnail\" alt=\"\" aria-describedby=\"gallery-1-2538\" \/><\/a>\n\t\t\t<\/div>\n\t\t\t\t<figcaption class='wp-caption-text gallery-caption' id='gallery-1-2538'>\n\t\t\t\tDas Holz und Messing-Team bei einer Verschnaufpause. Es gab viel zu Polieren und die Erfolge lie\u00dfen unter den Augen der staunenden und neugierigen Zuschauer nicht lange auf sich warten.  v.l.: Gottfried Adler &#8211; Wolfgang Laps &#8211; Waldemar Boros\n\t\t\t\t<\/figcaption><\/figure><figure class='gallery-item'>\n\t\t\t<div class='gallery-icon landscape'>\n\t\t\t\t<a href='https:\/\/radiomuseum-rheinland.de\/unserramu\/wp-content\/uploads\/2018\/04\/stammtisch-radiomuseum-sept-2007-010.jpg' rel=\"lightbox[2217]\"><img loading=\"lazy\" decoding=\"async\" width=\"220\" height=\"220\" src=\"https:\/\/radiomuseum-rheinland.de\/unserramu\/wp-content\/uploads\/2018\/04\/stammtisch-radiomuseum-sept-2007-010-220x220.jpg\" class=\"attachment-thumbnail size-thumbnail\" alt=\"\" aria-describedby=\"gallery-1-2539\" \/><\/a>\n\t\t\t<\/div>\n\t\t\t\t<figcaption class='wp-caption-text gallery-caption' id='gallery-1-2539'>\n\t\t\t\tWeiter gehts &#8211; auch hier eine Warteschlange zum polieren der Messingteile.  v.l.: Eddy K\u00f6nig &#8211; Gottfried Adler\n\t\t\t\t<\/figcaption><\/figure><figure class='gallery-item'>\n\t\t\t<div class='gallery-icon landscape'>\n\t\t\t\t<a href='https:\/\/radiomuseum-rheinland.de\/unserramu\/wp-content\/uploads\/2018\/04\/stammtisch-radiomuseum-sept-2007-011.jpg' rel=\"lightbox[2217]\"><img loading=\"lazy\" decoding=\"async\" width=\"220\" height=\"220\" src=\"https:\/\/radiomuseum-rheinland.de\/unserramu\/wp-content\/uploads\/2018\/04\/stammtisch-radiomuseum-sept-2007-011-220x220.jpg\" class=\"attachment-thumbnail size-thumbnail\" alt=\"\" aria-describedby=\"gallery-1-2540\" \/><\/a>\n\t\t\t<\/div>\n\t\t\t\t<figcaption class='wp-caption-text gallery-caption' id='gallery-1-2540'>\n\t\t\t\tIn der Werkstatt &#8230;\n\t\t\t\t<\/figcaption><\/figure><figure class='gallery-item'>\n\t\t\t<div class='gallery-icon landscape'>\n\t\t\t\t<a href='https:\/\/radiomuseum-rheinland.de\/unserramu\/wp-content\/uploads\/2018\/04\/stammtisch-radiomuseum-sept-2007-012.jpg' rel=\"lightbox[2217]\"><img loading=\"lazy\" decoding=\"async\" width=\"220\" height=\"220\" src=\"https:\/\/radiomuseum-rheinland.de\/unserramu\/wp-content\/uploads\/2018\/04\/stammtisch-radiomuseum-sept-2007-012-220x220.jpg\" class=\"attachment-thumbnail size-thumbnail\" alt=\"\" \/><\/a>\n\t\t\t<\/div><\/figure><figure class='gallery-item'>\n\t\t\t<div class='gallery-icon landscape'>\n\t\t\t\t<a href='https:\/\/radiomuseum-rheinland.de\/unserramu\/wp-content\/uploads\/2018\/04\/stammtisch-radiomuseum-sept-2007-013.jpg' rel=\"lightbox[2217]\"><img loading=\"lazy\" decoding=\"async\" width=\"220\" height=\"220\" src=\"https:\/\/radiomuseum-rheinland.de\/unserramu\/wp-content\/uploads\/2018\/04\/stammtisch-radiomuseum-sept-2007-013-220x220.jpg\" class=\"attachment-thumbnail size-thumbnail\" alt=\"\" \/><\/a>\n\t\t\t<\/div><\/figure><figure class='gallery-item'>\n\t\t\t<div class='gallery-icon landscape'>\n\t\t\t\t<a href='https:\/\/radiomuseum-rheinland.de\/unserramu\/wp-content\/uploads\/2018\/04\/stammtisch-radiomuseum-sept-2007-014.jpg' rel=\"lightbox[2217]\"><img loading=\"lazy\" decoding=\"async\" width=\"220\" height=\"220\" src=\"https:\/\/radiomuseum-rheinland.de\/unserramu\/wp-content\/uploads\/2018\/04\/stammtisch-radiomuseum-sept-2007-014-220x220.jpg\" class=\"attachment-thumbnail size-thumbnail\" alt=\"\" \/><\/a>\n\t\t\t<\/div><\/figure><figure class='gallery-item'>\n\t\t\t<div class='gallery-icon landscape'>\n\t\t\t\t<a href='https:\/\/radiomuseum-rheinland.de\/unserramu\/wp-content\/uploads\/2018\/04\/stammtisch-radiomuseum-sept-2007-015.jpg' rel=\"lightbox[2217]\"><img loading=\"lazy\" decoding=\"async\" width=\"220\" height=\"220\" src=\"https:\/\/radiomuseum-rheinland.de\/unserramu\/wp-content\/uploads\/2018\/04\/stammtisch-radiomuseum-sept-2007-015-220x220.jpg\" class=\"attachment-thumbnail size-thumbnail\" alt=\"\" aria-describedby=\"gallery-1-2544\" \/><\/a>\n\t\t\t<\/div>\n\t\t\t\t<figcaption class='wp-caption-text gallery-caption' id='gallery-1-2544'>\n\t\t\t\tArbeitspl\u00e4tze im Freien &#8230;\n\t\t\t\t<\/figcaption><\/figure><figure class='gallery-item'>\n\t\t\t<div class='gallery-icon landscape'>\n\t\t\t\t<a href='https:\/\/radiomuseum-rheinland.de\/unserramu\/wp-content\/uploads\/2018\/04\/stammtisch-radiomuseum-sept-2007-016.jpg' rel=\"lightbox[2217]\"><img loading=\"lazy\" decoding=\"async\" width=\"220\" height=\"220\" src=\"https:\/\/radiomuseum-rheinland.de\/unserramu\/wp-content\/uploads\/2018\/04\/stammtisch-radiomuseum-sept-2007-016-220x220.jpg\" class=\"attachment-thumbnail size-thumbnail\" alt=\"\" \/><\/a>\n\t\t\t<\/div><\/figure><figure class='gallery-item'>\n\t\t\t<div class='gallery-icon landscape'>\n\t\t\t\t<a href='https:\/\/radiomuseum-rheinland.de\/unserramu\/wp-content\/uploads\/2018\/04\/stammtisch-radiomuseum-sept-2007-017.jpg' rel=\"lightbox[2217]\"><img loading=\"lazy\" decoding=\"async\" width=\"220\" height=\"220\" src=\"https:\/\/radiomuseum-rheinland.de\/unserramu\/wp-content\/uploads\/2018\/04\/stammtisch-radiomuseum-sept-2007-017-220x220.jpg\" class=\"attachment-thumbnail size-thumbnail\" alt=\"\" \/><\/a>\n\t\t\t<\/div><\/figure><figure class='gallery-item'>\n\t\t\t<div class='gallery-icon landscape'>\n\t\t\t\t<a href='https:\/\/radiomuseum-rheinland.de\/unserramu\/wp-content\/uploads\/2018\/04\/stammtisch-radiomuseum-sept-2007-018.jpg' rel=\"lightbox[2217]\"><img loading=\"lazy\" decoding=\"async\" width=\"220\" height=\"220\" src=\"https:\/\/radiomuseum-rheinland.de\/unserramu\/wp-content\/uploads\/2018\/04\/stammtisch-radiomuseum-sept-2007-018-220x220.jpg\" class=\"attachment-thumbnail size-thumbnail\" alt=\"\" \/><\/a>\n\t\t\t<\/div><\/figure><figure class='gallery-item'>\n\t\t\t<div class='gallery-icon landscape'>\n\t\t\t\t<a href='https:\/\/radiomuseum-rheinland.de\/unserramu\/wp-content\/uploads\/2018\/04\/stammtisch-radiomuseum-sept-2007-019.jpg' rel=\"lightbox[2217]\"><img loading=\"lazy\" decoding=\"async\" width=\"220\" height=\"220\" src=\"https:\/\/radiomuseum-rheinland.de\/unserramu\/wp-content\/uploads\/2018\/04\/stammtisch-radiomuseum-sept-2007-019-220x220.jpg\" class=\"attachment-thumbnail size-thumbnail\" alt=\"\" \/><\/a>\n\t\t\t<\/div><\/figure><figure class='gallery-item'>\n\t\t\t<div class='gallery-icon landscape'>\n\t\t\t\t<a href='https:\/\/radiomuseum-rheinland.de\/unserramu\/wp-content\/uploads\/2018\/04\/stammtisch-radiomuseum-sept-2007-020.jpg' rel=\"lightbox[2217]\"><img loading=\"lazy\" decoding=\"async\" width=\"220\" height=\"220\" src=\"https:\/\/radiomuseum-rheinland.de\/unserramu\/wp-content\/uploads\/2018\/04\/stammtisch-radiomuseum-sept-2007-020-220x220.jpg\" class=\"attachment-thumbnail size-thumbnail\" alt=\"\" \/><\/a>\n\t\t\t<\/div><\/figure><figure class='gallery-item'>\n\t\t\t<div class='gallery-icon landscape'>\n\t\t\t\t<a href='https:\/\/radiomuseum-rheinland.de\/unserramu\/wp-content\/uploads\/2018\/04\/stammtisch-radiomuseum-sept-2007-021.jpg' rel=\"lightbox[2217]\"><img loading=\"lazy\" decoding=\"async\" width=\"220\" height=\"220\" src=\"https:\/\/radiomuseum-rheinland.de\/unserramu\/wp-content\/uploads\/2018\/04\/stammtisch-radiomuseum-sept-2007-021-220x220.jpg\" class=\"attachment-thumbnail size-thumbnail\" alt=\"\" aria-describedby=\"gallery-1-2550\" \/><\/a>\n\t\t\t<\/div>\n\t\t\t\t<figcaption class='wp-caption-text gallery-caption' id='gallery-1-2550'>\n\t\t\t\t&#8222;Fliessbandarbeit&#8220; &#8211; die n\u00e4chsten Ger\u00e4te stehen schon in der Warteschlange &#8230;\n\t\t\t\t<\/figcaption><\/figure><figure class='gallery-item'>\n\t\t\t<div class='gallery-icon landscape'>\n\t\t\t\t<a href='https:\/\/radiomuseum-rheinland.de\/unserramu\/wp-content\/uploads\/2018\/04\/stammtisch-radiomuseum-sept-2007-022.jpg' rel=\"lightbox[2217]\"><img loading=\"lazy\" decoding=\"async\" width=\"220\" height=\"220\" src=\"https:\/\/radiomuseum-rheinland.de\/unserramu\/wp-content\/uploads\/2018\/04\/stammtisch-radiomuseum-sept-2007-022-220x220.jpg\" class=\"attachment-thumbnail size-thumbnail\" alt=\"\" \/><\/a>\n\t\t\t<\/div><\/figure><figure class='gallery-item'>\n\t\t\t<div class='gallery-icon landscape'>\n\t\t\t\t<a href='https:\/\/radiomuseum-rheinland.de\/unserramu\/wp-content\/uploads\/2018\/04\/stammtisch-radiomuseum-sept-2007-023.jpg' rel=\"lightbox[2217]\"><img loading=\"lazy\" decoding=\"async\" width=\"220\" height=\"220\" src=\"https:\/\/radiomuseum-rheinland.de\/unserramu\/wp-content\/uploads\/2018\/04\/stammtisch-radiomuseum-sept-2007-023-220x220.jpg\" class=\"attachment-thumbnail size-thumbnail\" alt=\"\" \/><\/a>\n\t\t\t<\/div><\/figure><figure class='gallery-item'>\n\t\t\t<div class='gallery-icon landscape'>\n\t\t\t\t<a href='https:\/\/radiomuseum-rheinland.de\/unserramu\/wp-content\/uploads\/2018\/04\/stammtisch-radiomuseum-sept-2007-024.jpg' rel=\"lightbox[2217]\"><img loading=\"lazy\" decoding=\"async\" width=\"220\" height=\"220\" src=\"https:\/\/radiomuseum-rheinland.de\/unserramu\/wp-content\/uploads\/2018\/04\/stammtisch-radiomuseum-sept-2007-024-220x220.jpg\" class=\"attachment-thumbnail size-thumbnail\" alt=\"\" \/><\/a>\n\t\t\t<\/div><\/figure><figure class='gallery-item'>\n\t\t\t<div class='gallery-icon landscape'>\n\t\t\t\t<a href='https:\/\/radiomuseum-rheinland.de\/unserramu\/wp-content\/uploads\/2018\/04\/stammtisch-radiomuseum-sept-2007-025.jpg' rel=\"lightbox[2217]\"><img loading=\"lazy\" decoding=\"async\" width=\"220\" height=\"220\" src=\"https:\/\/radiomuseum-rheinland.de\/unserramu\/wp-content\/uploads\/2018\/04\/stammtisch-radiomuseum-sept-2007-025-220x220.jpg\" class=\"attachment-thumbnail size-thumbnail\" alt=\"\" \/><\/a>\n\t\t\t<\/div><\/figure><figure class='gallery-item'>\n\t\t\t<div class='gallery-icon landscape'>\n\t\t\t\t<a href='https:\/\/radiomuseum-rheinland.de\/unserramu\/wp-content\/uploads\/2018\/04\/stammtisch-radiomuseum-sept-2007-026.jpg' rel=\"lightbox[2217]\"><img loading=\"lazy\" decoding=\"async\" width=\"220\" height=\"220\" src=\"https:\/\/radiomuseum-rheinland.de\/unserramu\/wp-content\/uploads\/2018\/04\/stammtisch-radiomuseum-sept-2007-026-220x220.jpg\" class=\"attachment-thumbnail size-thumbnail\" alt=\"\" \/><\/a>\n\t\t\t<\/div><\/figure><figure class='gallery-item'>\n\t\t\t<div class='gallery-icon landscape'>\n\t\t\t\t<a href='https:\/\/radiomuseum-rheinland.de\/unserramu\/wp-content\/uploads\/2018\/04\/stammtisch-radiomuseum-sept-2007-027.jpg' rel=\"lightbox[2217]\"><img loading=\"lazy\" decoding=\"async\" width=\"220\" height=\"220\" src=\"https:\/\/radiomuseum-rheinland.de\/unserramu\/wp-content\/uploads\/2018\/04\/stammtisch-radiomuseum-sept-2007-027-220x220.jpg\" class=\"attachment-thumbnail size-thumbnail\" alt=\"\" \/><\/a>\n\t\t\t<\/div><\/figure><figure class='gallery-item'>\n\t\t\t<div class='gallery-icon landscape'>\n\t\t\t\t<a href='https:\/\/radiomuseum-rheinland.de\/unserramu\/wp-content\/uploads\/2018\/04\/stammtisch-radiomuseum-sept-2007-028.jpg' rel=\"lightbox[2217]\"><img loading=\"lazy\" decoding=\"async\" width=\"220\" height=\"220\" src=\"https:\/\/radiomuseum-rheinland.de\/unserramu\/wp-content\/uploads\/2018\/04\/stammtisch-radiomuseum-sept-2007-028-220x220.jpg\" class=\"attachment-thumbnail size-thumbnail\" alt=\"\" \/><\/a>\n\t\t\t<\/div><\/figure><figure class='gallery-item'>\n\t\t\t<div class='gallery-icon landscape'>\n\t\t\t\t<a href='https:\/\/radiomuseum-rheinland.de\/unserramu\/wp-content\/uploads\/2018\/04\/stammtisch-radiomuseum-sept-2007-029.jpg' rel=\"lightbox[2217]\"><img loading=\"lazy\" decoding=\"async\" width=\"220\" height=\"220\" src=\"https:\/\/radiomuseum-rheinland.de\/unserramu\/wp-content\/uploads\/2018\/04\/stammtisch-radiomuseum-sept-2007-029-220x220.jpg\" class=\"attachment-thumbnail size-thumbnail\" alt=\"\" \/><\/a>\n\t\t\t<\/div><\/figure><figure class='gallery-item'>\n\t\t\t<div class='gallery-icon landscape'>\n\t\t\t\t<a href='https:\/\/radiomuseum-rheinland.de\/unserramu\/wp-content\/uploads\/2018\/04\/stammtisch-radiomuseum-sept-2007-030.jpg' rel=\"lightbox[2217]\"><img loading=\"lazy\" decoding=\"async\" width=\"220\" height=\"220\" src=\"https:\/\/radiomuseum-rheinland.de\/unserramu\/wp-content\/uploads\/2018\/04\/stammtisch-radiomuseum-sept-2007-030-220x220.jpg\" class=\"attachment-thumbnail size-thumbnail\" alt=\"\" \/><\/a>\n\t\t\t<\/div><\/figure>\n\t\t<\/div>\n\n<p>&nbsp;<\/p>\n<p>&nbsp;<\/p>\n<p>&nbsp;<\/p>\n","protected":false},"excerpt":{"rendered":"<p>&nbsp; Am 1. September 2007 trafen sich 21 Radiosammler aus ganz Deutschland in M\u00f6nchengladbach &nbsp; &nbsp; &nbsp; &nbsp;<\/p>\n","protected":false},"author":1,"featured_media":0,"parent":331,"menu_order":26,"comment_status":"closed","ping_status":"closed","template":"","meta":{"footnotes":""},"class_list":["post-2217","page","type-page","status-publish","hentry"],"_links":{"self":[{"href":"https:\/\/radiomuseum-rheinland.de\/unserramu\/wp-json\/wp\/v2\/pages\/2217","targetHints":{"allow":["GET"]}}],"collection":[{"href":"https:\/\/radiomuseum-rheinland.de\/unserramu\/wp-json\/wp\/v2\/pages"}],"about":[{"href":"https:\/\/radiomuseum-rheinland.de\/unserramu\/wp-json\/wp\/v2\/types\/page"}],"author":[{"embeddable":true,"href":"https:\/\/radiomuseum-rheinland.de\/unserramu\/wp-json\/wp\/v2\/users\/1"}],"replies":[{"embeddable":true,"href":"https:\/\/radiomuseum-rheinland.de\/unserramu\/wp-json\/wp\/v2\/comments?post=2217"}],"version-history":[{"count":3,"href":"https:\/\/radiomuseum-rheinland.de\/unserramu\/wp-json\/wp\/v2\/pages\/2217\/revisions"}],"predecessor-version":[{"id":2560,"href":"https:\/\/radiomuseum-rheinland.de\/unserramu\/wp-json\/wp\/v2\/pages\/2217\/revisions\/2560"}],"up":[{"embeddable":true,"href":"https:\/\/radiomuseum-rheinland.de\/unserramu\/wp-json\/wp\/v2\/pages\/331"}],"wp:attachment":[{"href":"https:\/\/radiomuseum-rheinland.de\/unserramu\/wp-json\/wp\/v2\/media?parent=2217"}],"curies":[{"name":"wp","href":"https:\/\/api.w.org\/{rel}","templated":true}]}}