
{"id":2216,"date":"2018-03-29T19:29:07","date_gmt":"2018-03-29T17:29:07","guid":{"rendered":"https:\/\/radiomuseum-rheinland.de\/unserramu\/stammtisch-treffen\/2005-2009\/11-stammtisch-29-12-2007\/"},"modified":"2018-04-04T21:45:42","modified_gmt":"2018-04-04T19:45:42","slug":"11-stammtisch-29-12-2007","status":"publish","type":"page","link":"https:\/\/radiomuseum-rheinland.de\/unserramu\/stammtisch-treffen\/2005-2009\/11-stammtisch-29-12-2007\/","title":{"rendered":"11. Stammtisch &#8211; 29.12.2007"},"content":{"rendered":"<p>&nbsp;<\/p>\n<h3 id=\"line1\">Am 29. Dezember 2007 trafen <span id=\"line2\"><\/span>sich 19 Radiosammler aus ganz Deutschland im sch\u00f6nen Schwalmtal am Niederrhein:<\/h3>\n<p>&nbsp;<\/p>\n<div id='gallery-1' class='gallery galleryid-2216 gallery-columns-6 gallery-size-thumbnail'><figure class='gallery-item'>\n\t\t\t<div class='gallery-icon landscape'>\n\t\t\t\t<a href='https:\/\/radiomuseum-rheinland.de\/unserramu\/wp-content\/uploads\/2018\/04\/stammtisch-radiomuseum-dez-2007-001.jpg' rel=\"lightbox[2216]\"><img loading=\"lazy\" decoding=\"async\" width=\"220\" height=\"220\" src=\"https:\/\/radiomuseum-rheinland.de\/unserramu\/wp-content\/uploads\/2018\/04\/stammtisch-radiomuseum-dez-2007-001-220x220.jpg\" class=\"attachment-thumbnail size-thumbnail\" alt=\"\" aria-describedby=\"gallery-1-2501\" \/><\/a>\n\t\t\t<\/div>\n\t\t\t\t<figcaption class='wp-caption-text gallery-caption' id='gallery-1-2501'>\n\t\t\t\tHier im Keller des Gastgebers &#8230;\n\t\t\t\t<\/figcaption><\/figure><figure class='gallery-item'>\n\t\t\t<div class='gallery-icon landscape'>\n\t\t\t\t<a href='https:\/\/radiomuseum-rheinland.de\/unserramu\/wp-content\/uploads\/2018\/04\/stammtisch-radiomuseum-dez-2007-003.jpg' rel=\"lightbox[2216]\"><img loading=\"lazy\" decoding=\"async\" width=\"220\" height=\"220\" src=\"https:\/\/radiomuseum-rheinland.de\/unserramu\/wp-content\/uploads\/2018\/04\/stammtisch-radiomuseum-dez-2007-003-220x220.jpg\" class=\"attachment-thumbnail size-thumbnail\" alt=\"\" aria-describedby=\"gallery-1-2503\" \/><\/a>\n\t\t\t<\/div>\n\t\t\t\t<figcaption class='wp-caption-text gallery-caption' id='gallery-1-2503'>\n\t\t\t\tdie ersten G\u00e4ste sind schon eingetroffen.\n\t\t\t\t<\/figcaption><\/figure><figure class='gallery-item'>\n\t\t\t<div class='gallery-icon landscape'>\n\t\t\t\t<a href='https:\/\/radiomuseum-rheinland.de\/unserramu\/wp-content\/uploads\/2018\/04\/stammtisch-radiomuseum-dez-2007-002.jpg' rel=\"lightbox[2216]\"><img loading=\"lazy\" decoding=\"async\" width=\"220\" height=\"220\" src=\"https:\/\/radiomuseum-rheinland.de\/unserramu\/wp-content\/uploads\/2018\/04\/stammtisch-radiomuseum-dez-2007-002-220x220.jpg\" class=\"attachment-thumbnail size-thumbnail\" alt=\"\" aria-describedby=\"gallery-1-2502\" \/><\/a>\n\t\t\t<\/div>\n\t\t\t\t<figcaption class='wp-caption-text gallery-caption' id='gallery-1-2502'>\n\t\t\t\tDer eingerichtete Arbeitsplatz wird sofort belegt. Hier wird ein verharztes Lautst\u00e4rkepoti eines Nordmende komplett zerlegt und gereinigt.\n\t\t\t\t<\/figcaption><\/figure><figure class='gallery-item'>\n\t\t\t<div class='gallery-icon landscape'>\n\t\t\t\t<a href='https:\/\/radiomuseum-rheinland.de\/unserramu\/wp-content\/uploads\/2018\/04\/stammtisch-radiomuseum-dez-2007-006.jpg' rel=\"lightbox[2216]\"><img loading=\"lazy\" decoding=\"async\" width=\"220\" height=\"220\" src=\"https:\/\/radiomuseum-rheinland.de\/unserramu\/wp-content\/uploads\/2018\/04\/stammtisch-radiomuseum-dez-2007-006-220x220.jpg\" class=\"attachment-thumbnail size-thumbnail\" alt=\"\" aria-describedby=\"gallery-1-2506\" \/><\/a>\n\t\t\t<\/div>\n\t\t\t\t<figcaption class='wp-caption-text gallery-caption' id='gallery-1-2506'>\n\t\t\t\tIst das Poti erst einmal ausgebaut, kommen noch so einige Kondensatoren zum Vorschein, die getauscht werden m\u00fcssen.\n\t\t\t\t<\/figcaption><\/figure><figure class='gallery-item'>\n\t\t\t<div class='gallery-icon landscape'>\n\t\t\t\t<a href='https:\/\/radiomuseum-rheinland.de\/unserramu\/wp-content\/uploads\/2018\/04\/stammtisch-radiomuseum-dez-2007-004.jpg' rel=\"lightbox[2216]\"><img loading=\"lazy\" decoding=\"async\" width=\"220\" height=\"220\" src=\"https:\/\/radiomuseum-rheinland.de\/unserramu\/wp-content\/uploads\/2018\/04\/stammtisch-radiomuseum-dez-2007-004-220x220.jpg\" class=\"attachment-thumbnail size-thumbnail\" alt=\"\" aria-describedby=\"gallery-1-2504\" \/><\/a>\n\t\t\t<\/div>\n\t\t\t\t<figcaption class='wp-caption-text gallery-caption' id='gallery-1-2504'>\n\t\t\t\tAuch im 1.Obergeschoss, der eigentlichen Werkstatt Ottmars, gibt es was zu sehen.\n\t\t\t\t<\/figcaption><\/figure><figure class='gallery-item'>\n\t\t\t<div class='gallery-icon landscape'>\n\t\t\t\t<a href='https:\/\/radiomuseum-rheinland.de\/unserramu\/wp-content\/uploads\/2018\/04\/stammtisch-radiomuseum-dez-2007-005.jpg' rel=\"lightbox[2216]\"><img loading=\"lazy\" decoding=\"async\" width=\"220\" height=\"220\" src=\"https:\/\/radiomuseum-rheinland.de\/unserramu\/wp-content\/uploads\/2018\/04\/stammtisch-radiomuseum-dez-2007-005-220x220.jpg\" class=\"attachment-thumbnail size-thumbnail\" alt=\"\" aria-describedby=\"gallery-1-2505\" \/><\/a>\n\t\t\t<\/div>\n\t\t\t\t<figcaption class='wp-caption-text gallery-caption' id='gallery-1-2505'>\n\t\t\t\tSogleich wird mit dem Reparieren angefangen \n\t\t\t\t<\/figcaption><\/figure><figure class='gallery-item'>\n\t\t\t<div class='gallery-icon landscape'>\n\t\t\t\t<a href='https:\/\/radiomuseum-rheinland.de\/unserramu\/wp-content\/uploads\/2018\/04\/stammtisch-radiomuseum-dez-2007-007.jpg' rel=\"lightbox[2216]\"><img loading=\"lazy\" decoding=\"async\" width=\"220\" height=\"220\" src=\"https:\/\/radiomuseum-rheinland.de\/unserramu\/wp-content\/uploads\/2018\/04\/stammtisch-radiomuseum-dez-2007-007-220x220.jpg\" class=\"attachment-thumbnail size-thumbnail\" alt=\"\" \/><\/a>\n\t\t\t<\/div><\/figure><figure class='gallery-item'>\n\t\t\t<div class='gallery-icon landscape'>\n\t\t\t\t<a href='https:\/\/radiomuseum-rheinland.de\/unserramu\/wp-content\/uploads\/2018\/04\/stammtisch-radiomuseum-dez-2007-010.jpg' rel=\"lightbox[2216]\"><img loading=\"lazy\" decoding=\"async\" width=\"220\" height=\"220\" src=\"https:\/\/radiomuseum-rheinland.de\/unserramu\/wp-content\/uploads\/2018\/04\/stammtisch-radiomuseum-dez-2007-010-220x220.jpg\" class=\"attachment-thumbnail size-thumbnail\" alt=\"\" aria-describedby=\"gallery-1-2510\" \/><\/a>\n\t\t\t<\/div>\n\t\t\t\t<figcaption class='wp-caption-text gallery-caption' id='gallery-1-2510'>\n\t\t\t\tDie Geh\u00e4use-Spezialisten machen sich sogleich an die Arbeit, das Ger\u00e4t, das im Preisr\u00e4tsel verlost werden soll, aufzubereiten. \n\t\t\t\t<\/figcaption><\/figure><figure class='gallery-item'>\n\t\t\t<div class='gallery-icon landscape'>\n\t\t\t\t<a href='https:\/\/radiomuseum-rheinland.de\/unserramu\/wp-content\/uploads\/2018\/04\/stammtisch-radiomuseum-dez-2007-012.jpg' rel=\"lightbox[2216]\"><img loading=\"lazy\" decoding=\"async\" width=\"220\" height=\"220\" src=\"https:\/\/radiomuseum-rheinland.de\/unserramu\/wp-content\/uploads\/2018\/04\/stammtisch-radiomuseum-dez-2007-012-220x220.jpg\" class=\"attachment-thumbnail size-thumbnail\" alt=\"\" aria-describedby=\"gallery-1-2512\" \/><\/a>\n\t\t\t<\/div>\n\t\t\t\t<figcaption class='wp-caption-text gallery-caption' id='gallery-1-2512'>\n\t\t\t\tBald ist es geschafft: \n\t\t\t\t<\/figcaption><\/figure><figure class='gallery-item'>\n\t\t\t<div class='gallery-icon landscape'>\n\t\t\t\t<a href='https:\/\/radiomuseum-rheinland.de\/unserramu\/wp-content\/uploads\/2018\/04\/stammtisch-radiomuseum-dez-2007-013.jpg' rel=\"lightbox[2216]\"><img loading=\"lazy\" decoding=\"async\" width=\"220\" height=\"220\" src=\"https:\/\/radiomuseum-rheinland.de\/unserramu\/wp-content\/uploads\/2018\/04\/stammtisch-radiomuseum-dez-2007-013-220x220.jpg\" class=\"attachment-thumbnail size-thumbnail\" alt=\"\" aria-describedby=\"gallery-1-2513\" \/><\/a>\n\t\t\t<\/div>\n\t\t\t\t<figcaption class='wp-caption-text gallery-caption' id='gallery-1-2513'>\n\t\t\t\tW\u00e4hrendessen wird im Keller flei\u00dfig weiter am Geh\u00e4use gekratzt:\n\t\t\t\t<\/figcaption><\/figure><figure class='gallery-item'>\n\t\t\t<div class='gallery-icon landscape'>\n\t\t\t\t<a href='https:\/\/radiomuseum-rheinland.de\/unserramu\/wp-content\/uploads\/2018\/04\/stammtisch-radiomuseum-dez-2007-011.jpg' rel=\"lightbox[2216]\"><img loading=\"lazy\" decoding=\"async\" width=\"220\" height=\"220\" src=\"https:\/\/radiomuseum-rheinland.de\/unserramu\/wp-content\/uploads\/2018\/04\/stammtisch-radiomuseum-dez-2007-011-220x220.jpg\" class=\"attachment-thumbnail size-thumbnail\" alt=\"\" aria-describedby=\"gallery-1-2511\" \/><\/a>\n\t\t\t<\/div>\n\t\t\t\t<figcaption class='wp-caption-text gallery-caption' id='gallery-1-2511'>\n\t\t\t\t&#8211; und: Der n\u00e4chste Bitte:\n\t\t\t\t<\/figcaption><\/figure><figure class='gallery-item'>\n\t\t\t<div class='gallery-icon landscape'>\n\t\t\t\t<a href='https:\/\/radiomuseum-rheinland.de\/unserramu\/wp-content\/uploads\/2018\/04\/stammtisch-radiomuseum-dez-2007-008.jpg' rel=\"lightbox[2216]\"><img loading=\"lazy\" decoding=\"async\" width=\"220\" height=\"220\" src=\"https:\/\/radiomuseum-rheinland.de\/unserramu\/wp-content\/uploads\/2018\/04\/stammtisch-radiomuseum-dez-2007-008-220x220.jpg\" class=\"attachment-thumbnail size-thumbnail\" alt=\"\" aria-describedby=\"gallery-1-2508\" \/><\/a>\n\t\t\t<\/div>\n\t\t\t\t<figcaption class='wp-caption-text gallery-caption' id='gallery-1-2508'>\n\t\t\t\tWeiter oben im 1. OG: &#8211; eine stattliche Sammlung &#8211;\n\t\t\t\t<\/figcaption><\/figure><figure class='gallery-item'>\n\t\t\t<div class='gallery-icon landscape'>\n\t\t\t\t<a href='https:\/\/radiomuseum-rheinland.de\/unserramu\/wp-content\/uploads\/2018\/04\/stammtisch-radiomuseum-dez-2007-009.jpg' rel=\"lightbox[2216]\"><img loading=\"lazy\" decoding=\"async\" width=\"220\" height=\"220\" src=\"https:\/\/radiomuseum-rheinland.de\/unserramu\/wp-content\/uploads\/2018\/04\/stammtisch-radiomuseum-dez-2007-009-220x220.jpg\" class=\"attachment-thumbnail size-thumbnail\" alt=\"\" aria-describedby=\"gallery-1-2509\" \/><\/a>\n\t\t\t<\/div>\n\t\t\t\t<figcaption class='wp-caption-text gallery-caption' id='gallery-1-2509'>\n\t\t\t\t&#8211; daran erkennt man den Funkamateur.\n\t\t\t\t<\/figcaption><\/figure><figure class='gallery-item'>\n\t\t\t<div class='gallery-icon landscape'>\n\t\t\t\t<a href='https:\/\/radiomuseum-rheinland.de\/unserramu\/wp-content\/uploads\/2018\/04\/stammtisch-radiomuseum-dez-2007-014.jpg' rel=\"lightbox[2216]\"><img loading=\"lazy\" decoding=\"async\" width=\"220\" height=\"220\" src=\"https:\/\/radiomuseum-rheinland.de\/unserramu\/wp-content\/uploads\/2018\/04\/stammtisch-radiomuseum-dez-2007-014-220x220.jpg\" class=\"attachment-thumbnail size-thumbnail\" alt=\"\" aria-describedby=\"gallery-1-2514\" \/><\/a>\n\t\t\t<\/div>\n\t\t\t\t<figcaption class='wp-caption-text gallery-caption' id='gallery-1-2514'>\n\t\t\t\t&#8222;Fliessbandarbeit&#8220; &#8211; die n\u00e4chsten Ger\u00e4te stehen schon in der Warteschlange: \n\t\t\t\t<\/figcaption><\/figure><figure class='gallery-item'>\n\t\t\t<div class='gallery-icon portrait'>\n\t\t\t\t<a href='https:\/\/radiomuseum-rheinland.de\/unserramu\/wp-content\/uploads\/2018\/04\/stammtisch-radiomuseum-dez-2007-015.jpg' rel=\"lightbox[2216]\"><img loading=\"lazy\" decoding=\"async\" width=\"220\" height=\"220\" src=\"https:\/\/radiomuseum-rheinland.de\/unserramu\/wp-content\/uploads\/2018\/04\/stammtisch-radiomuseum-dez-2007-015-220x220.jpg\" class=\"attachment-thumbnail size-thumbnail\" alt=\"\" aria-describedby=\"gallery-1-2515\" \/><\/a>\n\t\t\t<\/div>\n\t\t\t\t<figcaption class='wp-caption-text gallery-caption' id='gallery-1-2515'>\n\t\t\t\tEddy`s Schaltplan f\u00fcr &#8222;Blinde&#8220;\n\t\t\t\t<\/figcaption><\/figure><figure class='gallery-item'>\n\t\t\t<div class='gallery-icon portrait'>\n\t\t\t\t<a href='https:\/\/radiomuseum-rheinland.de\/unserramu\/wp-content\/uploads\/2018\/04\/stammtisch-radiomuseum-dez-2007-016.jpg' rel=\"lightbox[2216]\"><img loading=\"lazy\" decoding=\"async\" width=\"220\" height=\"220\" src=\"https:\/\/radiomuseum-rheinland.de\/unserramu\/wp-content\/uploads\/2018\/04\/stammtisch-radiomuseum-dez-2007-016-220x220.jpg\" class=\"attachment-thumbnail size-thumbnail\" alt=\"\" \/><\/a>\n\t\t\t<\/div><\/figure>\n\t\t<\/div>\n\n<p>&nbsp;<\/p>\n<p>&nbsp;<\/p>\n<p>&nbsp;<\/p>\n","protected":false},"excerpt":{"rendered":"<p>&nbsp; Am 29. Dezember 2007 trafen sich 19 Radiosammler aus ganz Deutschland im sch\u00f6nen Schwalmtal am Niederrhein: &nbsp; &nbsp; &nbsp; &nbsp;<\/p>\n","protected":false},"author":1,"featured_media":0,"parent":331,"menu_order":25,"comment_status":"closed","ping_status":"closed","template":"","meta":{"footnotes":""},"class_list":["post-2216","page","type-page","status-publish","hentry"],"_links":{"self":[{"href":"https:\/\/radiomuseum-rheinland.de\/unserramu\/wp-json\/wp\/v2\/pages\/2216","targetHints":{"allow":["GET"]}}],"collection":[{"href":"https:\/\/radiomuseum-rheinland.de\/unserramu\/wp-json\/wp\/v2\/pages"}],"about":[{"href":"https:\/\/radiomuseum-rheinland.de\/unserramu\/wp-json\/wp\/v2\/types\/page"}],"author":[{"embeddable":true,"href":"https:\/\/radiomuseum-rheinland.de\/unserramu\/wp-json\/wp\/v2\/users\/1"}],"replies":[{"embeddable":true,"href":"https:\/\/radiomuseum-rheinland.de\/unserramu\/wp-json\/wp\/v2\/comments?post=2216"}],"version-history":[{"count":4,"href":"https:\/\/radiomuseum-rheinland.de\/unserramu\/wp-json\/wp\/v2\/pages\/2216\/revisions"}],"predecessor-version":[{"id":2519,"href":"https:\/\/radiomuseum-rheinland.de\/unserramu\/wp-json\/wp\/v2\/pages\/2216\/revisions\/2519"}],"up":[{"embeddable":true,"href":"https:\/\/radiomuseum-rheinland.de\/unserramu\/wp-json\/wp\/v2\/pages\/331"}],"wp:attachment":[{"href":"https:\/\/radiomuseum-rheinland.de\/unserramu\/wp-json\/wp\/v2\/media?parent=2216"}],"curies":[{"name":"wp","href":"https:\/\/api.w.org\/{rel}","templated":true}]}}