
{"id":2215,"date":"2018-03-29T19:28:15","date_gmt":"2018-03-29T17:28:15","guid":{"rendered":"https:\/\/radiomuseum-rheinland.de\/unserramu\/stammtisch-treffen\/2005-2009\/12-stammtisch-26-04-2008\/"},"modified":"2023-09-22T00:05:15","modified_gmt":"2023-09-21T22:05:15","slug":"12-stammtisch-26-04-2008","status":"publish","type":"page","link":"https:\/\/radiomuseum-rheinland.de\/unserramu\/stammtisch-treffen\/2005-2009\/12-stammtisch-26-04-2008\/","title":{"rendered":"12. Stammtisch &#8211; 26.04.2008"},"content":{"rendered":"<h3><\/h3>\n<h3>Am 26. April 2008 trafen sich 22 Radiosammler aus ganz Deutschland in Uedem am sch\u00f6nen Niederrhein:<\/h3>\n<p>&nbsp;<\/p>\n<p>Begr\u00fc\u00dfung der Teilnehmer, Vorstellung neuer Mitglieder und Bekanntgabe der &#8222;Tagesthemen&#8220; durch Holger Pflug.<\/p>\n<div id='gallery-1' class='gallery galleryid-2215 gallery-columns-6 gallery-size-thumbnail'><figure class='gallery-item'>\n\t\t\t<div class='gallery-icon landscape'>\n\t\t\t\t<a href='https:\/\/radiomuseum-rheinland.de\/unserramu\/wp-content\/uploads\/2018\/04\/stammtisch-radiomuseum-apr-2008-001.jpg' rel=\"lightbox[2215]\"><img loading=\"lazy\" decoding=\"async\" width=\"220\" height=\"220\" src=\"https:\/\/radiomuseum-rheinland.de\/unserramu\/wp-content\/uploads\/2018\/04\/stammtisch-radiomuseum-apr-2008-001-220x220.jpg\" class=\"attachment-thumbnail size-thumbnail\" alt=\"\" \/><\/a>\n\t\t\t<\/div><\/figure><figure class='gallery-item'>\n\t\t\t<div class='gallery-icon landscape'>\n\t\t\t\t<a href='https:\/\/radiomuseum-rheinland.de\/unserramu\/wp-content\/uploads\/2018\/04\/stammtisch-radiomuseum-apr-2008-002.jpg' rel=\"lightbox[2215]\"><img loading=\"lazy\" decoding=\"async\" width=\"220\" height=\"220\" src=\"https:\/\/radiomuseum-rheinland.de\/unserramu\/wp-content\/uploads\/2018\/04\/stammtisch-radiomuseum-apr-2008-002-220x220.jpg\" class=\"attachment-thumbnail size-thumbnail\" alt=\"\" \/><\/a>\n\t\t\t<\/div><\/figure><figure class='gallery-item'>\n\t\t\t<div class='gallery-icon landscape'>\n\t\t\t\t<a href='https:\/\/radiomuseum-rheinland.de\/unserramu\/wp-content\/uploads\/2018\/04\/stammtisch-radiomuseum-apr-2008-003.jpg' rel=\"lightbox[2215]\"><img loading=\"lazy\" decoding=\"async\" width=\"220\" height=\"220\" src=\"https:\/\/radiomuseum-rheinland.de\/unserramu\/wp-content\/uploads\/2018\/04\/stammtisch-radiomuseum-apr-2008-003-220x220.jpg\" class=\"attachment-thumbnail size-thumbnail\" alt=\"\" \/><\/a>\n\t\t\t<\/div><\/figure><figure class='gallery-item'>\n\t\t\t<div class='gallery-icon landscape'>\n\t\t\t\t<a href='https:\/\/radiomuseum-rheinland.de\/unserramu\/wp-content\/uploads\/2018\/04\/stammtisch-radiomuseum-apr-2008-004.jpg' rel=\"lightbox[2215]\"><img loading=\"lazy\" decoding=\"async\" width=\"220\" height=\"220\" src=\"https:\/\/radiomuseum-rheinland.de\/unserramu\/wp-content\/uploads\/2018\/04\/stammtisch-radiomuseum-apr-2008-004-220x220.jpg\" class=\"attachment-thumbnail size-thumbnail\" alt=\"\" \/><\/a>\n\t\t\t<\/div><\/figure><figure class='gallery-item'>\n\t\t\t<div class='gallery-icon landscape'>\n\t\t\t\t<a href='https:\/\/radiomuseum-rheinland.de\/unserramu\/wp-content\/uploads\/2018\/04\/stammtisch-radiomuseum-apr-2008-005.jpg' rel=\"lightbox[2215]\"><img loading=\"lazy\" decoding=\"async\" width=\"220\" height=\"220\" src=\"https:\/\/radiomuseum-rheinland.de\/unserramu\/wp-content\/uploads\/2018\/04\/stammtisch-radiomuseum-apr-2008-005-220x220.jpg\" class=\"attachment-thumbnail size-thumbnail\" alt=\"\" \/><\/a>\n\t\t\t<\/div><\/figure>\n\t\t<\/div>\n\n<p>&nbsp;<\/p>\n<p>Es wurde ein Wettbewerb ausgeschrieben:<\/p>\n<p>Das sch\u00f6nste Ger\u00e4t, Mindestbreite von 55cm &#8211; zwischen dem 1. Januar 1951 und dem 31.12.1955 gebaut.<\/p>\n<div id='gallery-2' class='gallery galleryid-2215 gallery-columns-6 gallery-size-thumbnail'><figure class='gallery-item'>\n\t\t\t<div class='gallery-icon landscape'>\n\t\t\t\t<a href='https:\/\/radiomuseum-rheinland.de\/unserramu\/wp-content\/uploads\/2018\/04\/stammtisch-radiomuseum-apr-2008-006.jpg' rel=\"lightbox[2215]\"><img loading=\"lazy\" decoding=\"async\" width=\"220\" height=\"220\" src=\"https:\/\/radiomuseum-rheinland.de\/unserramu\/wp-content\/uploads\/2018\/04\/stammtisch-radiomuseum-apr-2008-006-220x220.jpg\" class=\"attachment-thumbnail size-thumbnail\" alt=\"\" \/><\/a>\n\t\t\t<\/div><\/figure><figure class='gallery-item'>\n\t\t\t<div class='gallery-icon landscape'>\n\t\t\t\t<a href='https:\/\/radiomuseum-rheinland.de\/unserramu\/wp-content\/uploads\/2018\/04\/stammtisch-radiomuseum-apr-2008-007.jpg' rel=\"lightbox[2215]\"><img loading=\"lazy\" decoding=\"async\" width=\"220\" height=\"220\" src=\"https:\/\/radiomuseum-rheinland.de\/unserramu\/wp-content\/uploads\/2018\/04\/stammtisch-radiomuseum-apr-2008-007-220x220.jpg\" class=\"attachment-thumbnail size-thumbnail\" alt=\"\" \/><\/a>\n\t\t\t<\/div><\/figure><figure class='gallery-item'>\n\t\t\t<div class='gallery-icon landscape'>\n\t\t\t\t<a href='https:\/\/radiomuseum-rheinland.de\/unserramu\/wp-content\/uploads\/2018\/04\/stammtisch-radiomuseum-apr-2008-008.jpg' rel=\"lightbox[2215]\"><img loading=\"lazy\" decoding=\"async\" width=\"220\" height=\"220\" src=\"https:\/\/radiomuseum-rheinland.de\/unserramu\/wp-content\/uploads\/2018\/04\/stammtisch-radiomuseum-apr-2008-008-220x220.jpg\" class=\"attachment-thumbnail size-thumbnail\" alt=\"\" \/><\/a>\n\t\t\t<\/div><\/figure>\n\t\t<\/div>\n\n<p>&nbsp;<\/p>\n<p>Wer wird wohl gewinnen?<\/p>\n<div id='gallery-3' class='gallery galleryid-2215 gallery-columns-6 gallery-size-thumbnail'><figure class='gallery-item'>\n\t\t\t<div class='gallery-icon landscape'>\n\t\t\t\t<a href='https:\/\/radiomuseum-rheinland.de\/unserramu\/wp-content\/uploads\/2018\/04\/stammtisch-radiomuseum-apr-2008-010.jpg' rel=\"lightbox[2215]\"><img loading=\"lazy\" decoding=\"async\" width=\"220\" height=\"220\" src=\"https:\/\/radiomuseum-rheinland.de\/unserramu\/wp-content\/uploads\/2018\/04\/stammtisch-radiomuseum-apr-2008-010-220x220.jpg\" class=\"attachment-thumbnail size-thumbnail\" alt=\"\" \/><\/a>\n\t\t\t<\/div><\/figure><figure class='gallery-item'>\n\t\t\t<div class='gallery-icon landscape'>\n\t\t\t\t<a href='https:\/\/radiomuseum-rheinland.de\/unserramu\/wp-content\/uploads\/2018\/04\/stammtisch-radiomuseum-apr-2008-009.jpg' rel=\"lightbox[2215]\"><img loading=\"lazy\" decoding=\"async\" width=\"220\" height=\"220\" src=\"https:\/\/radiomuseum-rheinland.de\/unserramu\/wp-content\/uploads\/2018\/04\/stammtisch-radiomuseum-apr-2008-009-220x220.jpg\" class=\"attachment-thumbnail size-thumbnail\" alt=\"\" \/><\/a>\n\t\t\t<\/div><\/figure>\n\t\t<\/div>\n\n<p>&nbsp;<\/p>\n<p>Inzwischen in Hartmut` s Werkstatt:<\/p>\n<div id='gallery-4' class='gallery galleryid-2215 gallery-columns-6 gallery-size-thumbnail'><figure class='gallery-item'>\n\t\t\t<div class='gallery-icon landscape'>\n\t\t\t\t<a href='https:\/\/radiomuseum-rheinland.de\/unserramu\/wp-content\/uploads\/2018\/04\/stammtisch-radiomuseum-apr-2008-011.jpg' rel=\"lightbox[2215]\"><img loading=\"lazy\" decoding=\"async\" width=\"220\" height=\"220\" src=\"https:\/\/radiomuseum-rheinland.de\/unserramu\/wp-content\/uploads\/2018\/04\/stammtisch-radiomuseum-apr-2008-011-220x220.jpg\" class=\"attachment-thumbnail size-thumbnail\" alt=\"\" \/><\/a>\n\t\t\t<\/div><\/figure><figure class='gallery-item'>\n\t\t\t<div class='gallery-icon landscape'>\n\t\t\t\t<a href='https:\/\/radiomuseum-rheinland.de\/unserramu\/wp-content\/uploads\/2018\/04\/stammtisch-radiomuseum-apr-2008-012.jpg' rel=\"lightbox[2215]\"><img loading=\"lazy\" decoding=\"async\" width=\"220\" height=\"220\" src=\"https:\/\/radiomuseum-rheinland.de\/unserramu\/wp-content\/uploads\/2018\/04\/stammtisch-radiomuseum-apr-2008-012-220x220.jpg\" class=\"attachment-thumbnail size-thumbnail\" alt=\"\" \/><\/a>\n\t\t\t<\/div><\/figure><figure class='gallery-item'>\n\t\t\t<div class='gallery-icon landscape'>\n\t\t\t\t<a href='https:\/\/radiomuseum-rheinland.de\/unserramu\/wp-content\/uploads\/2018\/04\/stammtisch-radiomuseum-apr-2008-013.jpg' rel=\"lightbox[2215]\"><img loading=\"lazy\" decoding=\"async\" width=\"220\" height=\"220\" src=\"https:\/\/radiomuseum-rheinland.de\/unserramu\/wp-content\/uploads\/2018\/04\/stammtisch-radiomuseum-apr-2008-013-220x220.jpg\" class=\"attachment-thumbnail size-thumbnail\" alt=\"\" \/><\/a>\n\t\t\t<\/div><\/figure><figure class='gallery-item'>\n\t\t\t<div class='gallery-icon landscape'>\n\t\t\t\t<a href='https:\/\/radiomuseum-rheinland.de\/unserramu\/wp-content\/uploads\/2018\/04\/stammtisch-radiomuseum-apr-2008-014.jpg' rel=\"lightbox[2215]\"><img loading=\"lazy\" decoding=\"async\" width=\"220\" height=\"220\" src=\"https:\/\/radiomuseum-rheinland.de\/unserramu\/wp-content\/uploads\/2018\/04\/stammtisch-radiomuseum-apr-2008-014-220x220.jpg\" class=\"attachment-thumbnail size-thumbnail\" alt=\"\" \/><\/a>\n\t\t\t<\/div><\/figure><figure class='gallery-item'>\n\t\t\t<div class='gallery-icon landscape'>\n\t\t\t\t<a href='https:\/\/radiomuseum-rheinland.de\/unserramu\/wp-content\/uploads\/2018\/04\/stammtisch-radiomuseum-apr-2008-015.jpg' rel=\"lightbox[2215]\"><img loading=\"lazy\" decoding=\"async\" width=\"220\" height=\"220\" src=\"https:\/\/radiomuseum-rheinland.de\/unserramu\/wp-content\/uploads\/2018\/04\/stammtisch-radiomuseum-apr-2008-015-220x220.jpg\" class=\"attachment-thumbnail size-thumbnail\" alt=\"\" \/><\/a>\n\t\t\t<\/div><\/figure><figure class='gallery-item'>\n\t\t\t<div class='gallery-icon landscape'>\n\t\t\t\t<a href='https:\/\/radiomuseum-rheinland.de\/unserramu\/wp-content\/uploads\/2018\/04\/stammtisch-radiomuseum-apr-2008-016.jpg' rel=\"lightbox[2215]\"><img loading=\"lazy\" decoding=\"async\" width=\"220\" height=\"220\" src=\"https:\/\/radiomuseum-rheinland.de\/unserramu\/wp-content\/uploads\/2018\/04\/stammtisch-radiomuseum-apr-2008-016-220x220.jpg\" class=\"attachment-thumbnail size-thumbnail\" alt=\"\" \/><\/a>\n\t\t\t<\/div><\/figure><figure class='gallery-item'>\n\t\t\t<div class='gallery-icon landscape'>\n\t\t\t\t<a href='https:\/\/radiomuseum-rheinland.de\/unserramu\/wp-content\/uploads\/2018\/04\/stammtisch-radiomuseum-apr-2008-017.jpg' rel=\"lightbox[2215]\"><img loading=\"lazy\" decoding=\"async\" width=\"220\" height=\"220\" src=\"https:\/\/radiomuseum-rheinland.de\/unserramu\/wp-content\/uploads\/2018\/04\/stammtisch-radiomuseum-apr-2008-017-220x220.jpg\" class=\"attachment-thumbnail size-thumbnail\" alt=\"\" \/><\/a>\n\t\t\t<\/div><\/figure><figure class='gallery-item'>\n\t\t\t<div class='gallery-icon landscape'>\n\t\t\t\t<a href='https:\/\/radiomuseum-rheinland.de\/unserramu\/wp-content\/uploads\/2018\/04\/stammtisch-radiomuseum-apr-2008-018.jpg' rel=\"lightbox[2215]\"><img loading=\"lazy\" decoding=\"async\" width=\"220\" height=\"220\" src=\"https:\/\/radiomuseum-rheinland.de\/unserramu\/wp-content\/uploads\/2018\/04\/stammtisch-radiomuseum-apr-2008-018-220x220.jpg\" class=\"attachment-thumbnail size-thumbnail\" alt=\"\" \/><\/a>\n\t\t\t<\/div><\/figure><figure class='gallery-item'>\n\t\t\t<div class='gallery-icon portrait'>\n\t\t\t\t<a href='https:\/\/radiomuseum-rheinland.de\/unserramu\/wp-content\/uploads\/2018\/04\/stammtisch-radiomuseum-apr-2008-019.jpg' rel=\"lightbox[2215]\"><img loading=\"lazy\" decoding=\"async\" width=\"220\" height=\"220\" src=\"https:\/\/radiomuseum-rheinland.de\/unserramu\/wp-content\/uploads\/2018\/04\/stammtisch-radiomuseum-apr-2008-019-220x220.jpg\" class=\"attachment-thumbnail size-thumbnail\" alt=\"\" \/><\/a>\n\t\t\t<\/div><\/figure>\n\t\t<\/div>\n\n<p>&nbsp;<\/p>\n<p>&nbsp;<\/p>\n<div id='gallery-5' class='gallery galleryid-2215 gallery-columns-5 gallery-size-thumbnail'><figure class='gallery-item'>\n\t\t\t<div class='gallery-icon landscape'>\n\t\t\t\t<a href='https:\/\/radiomuseum-rheinland.de\/unserramu\/wp-content\/uploads\/2018\/04\/stammtisch-radiomuseum-apr-2008-020.jpg' rel=\"lightbox[2215]\"><img loading=\"lazy\" decoding=\"async\" width=\"220\" height=\"220\" src=\"https:\/\/radiomuseum-rheinland.de\/unserramu\/wp-content\/uploads\/2018\/04\/stammtisch-radiomuseum-apr-2008-020-220x220.jpg\" class=\"attachment-thumbnail size-thumbnail\" alt=\"\" \/><\/a>\n\t\t\t<\/div><\/figure><figure class='gallery-item'>\n\t\t\t<div class='gallery-icon landscape'>\n\t\t\t\t<a href='https:\/\/radiomuseum-rheinland.de\/unserramu\/wp-content\/uploads\/2018\/04\/stammtisch-radiomuseum-apr-2008-021.jpg' rel=\"lightbox[2215]\"><img loading=\"lazy\" decoding=\"async\" width=\"220\" height=\"220\" src=\"https:\/\/radiomuseum-rheinland.de\/unserramu\/wp-content\/uploads\/2018\/04\/stammtisch-radiomuseum-apr-2008-021-220x220.jpg\" class=\"attachment-thumbnail size-thumbnail\" alt=\"\" \/><\/a>\n\t\t\t<\/div><\/figure>\n\t\t<\/div>\n\n<p>&nbsp;<\/p>\n<p>&nbsp;<\/p>\n","protected":false},"excerpt":{"rendered":"<p>Am 26. April 2008 trafen sich 22 Radiosammler aus ganz Deutschland in Uedem am sch\u00f6nen Niederrhein: &nbsp; Begr\u00fc\u00dfung der Teilnehmer, Vorstellung neuer Mitglieder und Bekanntgabe der &#8222;Tagesthemen&#8220; durch Holger Pflug. &nbsp; Es wurde ein Wettbewerb ausgeschrieben: Das sch\u00f6nste Ger\u00e4t, Mindestbreite von 55cm &#8211; zwischen dem 1. Januar 1951 und dem 31.12.1955 gebaut. &nbsp; Wer wird &hellip; <a href=\"https:\/\/radiomuseum-rheinland.de\/unserramu\/stammtisch-treffen\/2005-2009\/12-stammtisch-26-04-2008\/\" class=\"more-link\"><span class=\"screen-reader-text\">12. Stammtisch &#8211; 26.04.2008<\/span> weiterlesen <span class=\"meta-nav\">&rarr;<\/span><\/a><\/p>\n","protected":false},"author":1,"featured_media":0,"parent":331,"menu_order":24,"comment_status":"closed","ping_status":"closed","template":"","meta":{"footnotes":""},"class_list":["post-2215","page","type-page","status-publish","hentry"],"_links":{"self":[{"href":"https:\/\/radiomuseum-rheinland.de\/unserramu\/wp-json\/wp\/v2\/pages\/2215","targetHints":{"allow":["GET"]}}],"collection":[{"href":"https:\/\/radiomuseum-rheinland.de\/unserramu\/wp-json\/wp\/v2\/pages"}],"about":[{"href":"https:\/\/radiomuseum-rheinland.de\/unserramu\/wp-json\/wp\/v2\/types\/page"}],"author":[{"embeddable":true,"href":"https:\/\/radiomuseum-rheinland.de\/unserramu\/wp-json\/wp\/v2\/users\/1"}],"replies":[{"embeddable":true,"href":"https:\/\/radiomuseum-rheinland.de\/unserramu\/wp-json\/wp\/v2\/comments?post=2215"}],"version-history":[{"count":9,"href":"https:\/\/radiomuseum-rheinland.de\/unserramu\/wp-json\/wp\/v2\/pages\/2215\/revisions"}],"predecessor-version":[{"id":6228,"href":"https:\/\/radiomuseum-rheinland.de\/unserramu\/wp-json\/wp\/v2\/pages\/2215\/revisions\/6228"}],"up":[{"embeddable":true,"href":"https:\/\/radiomuseum-rheinland.de\/unserramu\/wp-json\/wp\/v2\/pages\/331"}],"wp:attachment":[{"href":"https:\/\/radiomuseum-rheinland.de\/unserramu\/wp-json\/wp\/v2\/media?parent=2215"}],"curies":[{"name":"wp","href":"https:\/\/api.w.org\/{rel}","templated":true}]}}