
{"id":1756,"date":"2018-03-14T17:53:46","date_gmt":"2018-03-14T16:53:46","guid":{"rendered":"https:\/\/radiomuseum-rheinland.de\/unserramu\/?page_id=1756"},"modified":"2018-03-21T16:59:10","modified_gmt":"2018-03-21T15:59:10","slug":"17-stammtisch-27-02-2010","status":"publish","type":"page","link":"https:\/\/radiomuseum-rheinland.de\/unserramu\/stammtisch-treffen\/2010-2014\/17-stammtisch-27-02-2010\/","title":{"rendered":"17. Stammtisch &#8211; 27.02.2010"},"content":{"rendered":"<p>&nbsp;<\/p>\n<h3>Am 27. Februar 2010 traf sich der Radiosammler-Stammtisch Niederrhein zum 17. mal. Diesmal wieder im ehemaligen S\u00e4ngerheim am Kamillianer-Krankenhaus in M\u00f6nchengladbach.<\/h3>\n<p>&nbsp;<\/p>\n<div id='gallery-1' class='gallery galleryid-1756 gallery-columns-6 gallery-size-thumbnail'><figure class='gallery-item'>\n\t\t\t<div class='gallery-icon landscape'>\n\t\t\t\t<a href='https:\/\/radiomuseum-rheinland.de\/unserramu\/wp-content\/uploads\/2018\/03\/stammtisch-radiomuseum-02-2010-001.jpg' rel=\"lightbox[1756]\"><img loading=\"lazy\" decoding=\"async\" width=\"220\" height=\"220\" src=\"https:\/\/radiomuseum-rheinland.de\/unserramu\/wp-content\/uploads\/2018\/03\/stammtisch-radiomuseum-02-2010-001-220x220.jpg\" class=\"attachment-thumbnail size-thumbnail\" alt=\"\" aria-describedby=\"gallery-1-2046\" \/><\/a>\n\t\t\t<\/div>\n\t\t\t\t<figcaption class='wp-caption-text gallery-caption' id='gallery-1-2046'>\n\t\t\t\tSogleich wird ein Kofferger\u00e4t zerlegt, um es wieder ins Leben zur\u00fcckzuholen.\n\t\t\t\t<\/figcaption><\/figure><figure class='gallery-item'>\n\t\t\t<div class='gallery-icon portrait'>\n\t\t\t\t<a href='https:\/\/radiomuseum-rheinland.de\/unserramu\/wp-content\/uploads\/2018\/03\/stammtisch-radiomuseum-02-2010-002.jpg' rel=\"lightbox[1756]\"><img loading=\"lazy\" decoding=\"async\" width=\"220\" height=\"220\" src=\"https:\/\/radiomuseum-rheinland.de\/unserramu\/wp-content\/uploads\/2018\/03\/stammtisch-radiomuseum-02-2010-002-220x220.jpg\" class=\"attachment-thumbnail size-thumbnail\" alt=\"\" aria-describedby=\"gallery-1-2047\" \/><\/a>\n\t\t\t<\/div>\n\t\t\t\t<figcaption class='wp-caption-text gallery-caption' id='gallery-1-2047'>\n\t\t\t\tHartmut Daniels bei der kniffligen Aufgabe abgebrochene Kerne in den Bandfiltern eines Saba &#8211; Ger\u00e4tes zu wechseln.\n\t\t\t\t<\/figcaption><\/figure><figure class='gallery-item'>\n\t\t\t<div class='gallery-icon portrait'>\n\t\t\t\t<a href='https:\/\/radiomuseum-rheinland.de\/unserramu\/wp-content\/uploads\/2018\/03\/stammtisch-radiomuseum-02-2010-003.jpg' rel=\"lightbox[1756]\"><img loading=\"lazy\" decoding=\"async\" width=\"220\" height=\"220\" src=\"https:\/\/radiomuseum-rheinland.de\/unserramu\/wp-content\/uploads\/2018\/03\/stammtisch-radiomuseum-02-2010-003-220x220.jpg\" class=\"attachment-thumbnail size-thumbnail\" alt=\"\" aria-describedby=\"gallery-1-2048\" \/><\/a>\n\t\t\t<\/div>\n\t\t\t\t<figcaption class='wp-caption-text gallery-caption' id='gallery-1-2048'>\n\t\t\t\tM\u00fcmin \u00d6n\u00fct bei der Demonstration eines Ger\u00e4tes. Im Hintergrund Walter Ahrend beim Probelauf seines selbstgebauten PC &#8211; gesteuerten R\u00f6hrenmessger\u00e4tes.\n\t\t\t\t<\/figcaption><\/figure><figure class='gallery-item'>\n\t\t\t<div class='gallery-icon landscape'>\n\t\t\t\t<a href='https:\/\/radiomuseum-rheinland.de\/unserramu\/wp-content\/uploads\/2018\/03\/stammtisch-radiomuseum-02-2010-004.jpg' rel=\"lightbox[1756]\"><img loading=\"lazy\" decoding=\"async\" width=\"220\" height=\"220\" src=\"https:\/\/radiomuseum-rheinland.de\/unserramu\/wp-content\/uploads\/2018\/03\/stammtisch-radiomuseum-02-2010-004-220x220.jpg\" class=\"attachment-thumbnail size-thumbnail\" alt=\"\" aria-describedby=\"gallery-1-2049\" \/><\/a>\n\t\t\t<\/div>\n\t\t\t\t<figcaption class='wp-caption-text gallery-caption' id='gallery-1-2049'>\n\t\t\t\tMacht sich hier schon Ratlosigkeit bemerkbar ?\n\t\t\t\t<\/figcaption><\/figure><figure class='gallery-item'>\n\t\t\t<div class='gallery-icon landscape'>\n\t\t\t\t<a href='https:\/\/radiomuseum-rheinland.de\/unserramu\/wp-content\/uploads\/2018\/03\/stammtisch-radiomuseum-02-2010-005.jpg' rel=\"lightbox[1756]\"><img loading=\"lazy\" decoding=\"async\" width=\"220\" height=\"220\" src=\"https:\/\/radiomuseum-rheinland.de\/unserramu\/wp-content\/uploads\/2018\/03\/stammtisch-radiomuseum-02-2010-005-220x220.jpg\" class=\"attachment-thumbnail size-thumbnail\" alt=\"\" aria-describedby=\"gallery-1-2050\" \/><\/a>\n\t\t\t<\/div>\n\t\t\t\t<figcaption class='wp-caption-text gallery-caption' id='gallery-1-2050'>\n\t\t\t\tKurze Pause bei dem Trubel. Der Raum ist mit 29 Personen schon gut gef\u00fcllt. Zum Gl\u00fcck sind auch Raucher dabei, so da\u00df immer ein paar Teilnehmer vor der T\u00fcr stehen \ud83d\ude09\n\t\t\t\t<\/figcaption><\/figure><figure class='gallery-item'>\n\t\t\t<div class='gallery-icon landscape'>\n\t\t\t\t<a href='https:\/\/radiomuseum-rheinland.de\/unserramu\/wp-content\/uploads\/2018\/03\/stammtisch-radiomuseum-02-2010-006.jpg' rel=\"lightbox[1756]\"><img loading=\"lazy\" decoding=\"async\" width=\"220\" height=\"220\" src=\"https:\/\/radiomuseum-rheinland.de\/unserramu\/wp-content\/uploads\/2018\/03\/stammtisch-radiomuseum-02-2010-006-220x220.jpg\" class=\"attachment-thumbnail size-thumbnail\" alt=\"\" aria-describedby=\"gallery-1-2051\" \/><\/a>\n\t\t\t<\/div>\n\t\t\t\t<figcaption class='wp-caption-text gallery-caption' id='gallery-1-2051'>\n\t\t\t\tWie gesagt &#8211; kurze Pause.\n\t\t\t\t<\/figcaption><\/figure><figure class='gallery-item'>\n\t\t\t<div class='gallery-icon landscape'>\n\t\t\t\t<a href='https:\/\/radiomuseum-rheinland.de\/unserramu\/wp-content\/uploads\/2018\/03\/stammtisch-radiomuseum-02-2010-007.jpg' rel=\"lightbox[1756]\"><img loading=\"lazy\" decoding=\"async\" width=\"220\" height=\"220\" src=\"https:\/\/radiomuseum-rheinland.de\/unserramu\/wp-content\/uploads\/2018\/03\/stammtisch-radiomuseum-02-2010-007-220x220.jpg\" class=\"attachment-thumbnail size-thumbnail\" alt=\"\" aria-describedby=\"gallery-1-2052\" \/><\/a>\n\t\t\t<\/div>\n\t\t\t\t<figcaption class='wp-caption-text gallery-caption' id='gallery-1-2052'>\n\t\t\t\tDie Kandidaten warten noch auf &#8222;Verarztung&#8220;.\n\t\t\t\t<\/figcaption><\/figure><figure class='gallery-item'>\n\t\t\t<div class='gallery-icon landscape'>\n\t\t\t\t<a href='https:\/\/radiomuseum-rheinland.de\/unserramu\/wp-content\/uploads\/2018\/03\/stammtisch-radiomuseum-02-2010-008.jpg' rel=\"lightbox[1756]\"><img loading=\"lazy\" decoding=\"async\" width=\"220\" height=\"220\" src=\"https:\/\/radiomuseum-rheinland.de\/unserramu\/wp-content\/uploads\/2018\/03\/stammtisch-radiomuseum-02-2010-008-220x220.jpg\" class=\"attachment-thumbnail size-thumbnail\" alt=\"\" aria-describedby=\"gallery-1-2053\" \/><\/a>\n\t\t\t<\/div>\n\t\t\t\t<figcaption class='wp-caption-text gallery-caption' id='gallery-1-2053'>\n\t\t\t\tUli Amsel, hier bei der Umr\u00fcstung eines Philips K6 &#8211; Farbfernsehger\u00e4tes von 1967 auf Video &#8211; Recorder &#8211; Betrieb. Ein wichtiger Aspekt, da zunehmend weder VHF noch UHF &#8211; Sender empfangen werden k\u00f6nnen.\n\t\t\t\t<\/figcaption><\/figure><figure class='gallery-item'>\n\t\t\t<div class='gallery-icon landscape'>\n\t\t\t\t<a href='https:\/\/radiomuseum-rheinland.de\/unserramu\/wp-content\/uploads\/2018\/03\/stammtisch-radiomuseum-02-2010-009.jpg' rel=\"lightbox[1756]\"><img loading=\"lazy\" decoding=\"async\" width=\"220\" height=\"220\" src=\"https:\/\/radiomuseum-rheinland.de\/unserramu\/wp-content\/uploads\/2018\/03\/stammtisch-radiomuseum-02-2010-009-220x220.jpg\" class=\"attachment-thumbnail size-thumbnail\" alt=\"\" aria-describedby=\"gallery-1-2054\" \/><\/a>\n\t\t\t<\/div>\n\t\t\t\t<figcaption class='wp-caption-text gallery-caption' id='gallery-1-2054'>\n\t\t\t\tEine Verkaufstheke &#8230;\n\t\t\t\t<\/figcaption><\/figure><figure class='gallery-item'>\n\t\t\t<div class='gallery-icon landscape'>\n\t\t\t\t<a href='https:\/\/radiomuseum-rheinland.de\/unserramu\/wp-content\/uploads\/2018\/03\/stammtisch-radiomuseum-02-2010-010.jpg' rel=\"lightbox[1756]\"><img loading=\"lazy\" decoding=\"async\" width=\"220\" height=\"220\" src=\"https:\/\/radiomuseum-rheinland.de\/unserramu\/wp-content\/uploads\/2018\/03\/stammtisch-radiomuseum-02-2010-010-220x220.jpg\" class=\"attachment-thumbnail size-thumbnail\" alt=\"\" aria-describedby=\"gallery-1-2055\" \/><\/a>\n\t\t\t<\/div>\n\t\t\t\t<figcaption class='wp-caption-text gallery-caption' id='gallery-1-2055'>\n\t\t\t\t&#8230; hier Teil 2.\n\t\t\t\t<\/figcaption><\/figure><figure class='gallery-item'>\n\t\t\t<div class='gallery-icon landscape'>\n\t\t\t\t<a href='https:\/\/radiomuseum-rheinland.de\/unserramu\/wp-content\/uploads\/2018\/03\/stammtisch-radiomuseum-02-2010-011.jpg' rel=\"lightbox[1756]\"><img loading=\"lazy\" decoding=\"async\" width=\"220\" height=\"220\" src=\"https:\/\/radiomuseum-rheinland.de\/unserramu\/wp-content\/uploads\/2018\/03\/stammtisch-radiomuseum-02-2010-011-220x220.jpg\" class=\"attachment-thumbnail size-thumbnail\" alt=\"\" aria-describedby=\"gallery-1-2056\" \/><\/a>\n\t\t\t<\/div>\n\t\t\t\t<figcaption class='wp-caption-text gallery-caption' id='gallery-1-2056'>\n\t\t\t\tEine klitze &#8211; Kleinigkeit kann man an dem K6 noch verbessern.\n\t\t\t\t<\/figcaption><\/figure><figure class='gallery-item'>\n\t\t\t<div class='gallery-icon landscape'>\n\t\t\t\t<a href='https:\/\/radiomuseum-rheinland.de\/unserramu\/wp-content\/uploads\/2018\/03\/stammtisch-radiomuseum-02-2010-012.jpg' rel=\"lightbox[1756]\"><img loading=\"lazy\" decoding=\"async\" width=\"220\" height=\"220\" src=\"https:\/\/radiomuseum-rheinland.de\/unserramu\/wp-content\/uploads\/2018\/03\/stammtisch-radiomuseum-02-2010-012-220x220.jpg\" class=\"attachment-thumbnail size-thumbnail\" alt=\"\" aria-describedby=\"gallery-1-2057\" \/><\/a>\n\t\t\t<\/div>\n\t\t\t\t<figcaption class='wp-caption-text gallery-caption' id='gallery-1-2057'>\n\t\t\t\tInformative Gespr\u00e4che sind an der Tagesordnung.\n\t\t\t\t<\/figcaption><\/figure><figure class='gallery-item'>\n\t\t\t<div class='gallery-icon landscape'>\n\t\t\t\t<a href='https:\/\/radiomuseum-rheinland.de\/unserramu\/wp-content\/uploads\/2018\/03\/stammtisch-radiomuseum-02-2010-013.jpg' rel=\"lightbox[1756]\"><img loading=\"lazy\" decoding=\"async\" width=\"220\" height=\"220\" src=\"https:\/\/radiomuseum-rheinland.de\/unserramu\/wp-content\/uploads\/2018\/03\/stammtisch-radiomuseum-02-2010-013-220x220.jpg\" class=\"attachment-thumbnail size-thumbnail\" alt=\"\" aria-describedby=\"gallery-1-2058\" \/><\/a>\n\t\t\t<\/div>\n\t\t\t\t<figcaption class='wp-caption-text gallery-caption' id='gallery-1-2058'>\n\t\t\t\tDa hat doch jemand aus Versehen das Netzkabel parallel zur Netzsicherung angel\u00f6tet. &#8211; Das Ger\u00e4t wurde in diesem Zustand von einem H\u00e4ndler angekauft.\n\t\t\t\t<\/figcaption><\/figure><figure class='gallery-item'>\n\t\t\t<div class='gallery-icon landscape'>\n\t\t\t\t<a href='https:\/\/radiomuseum-rheinland.de\/unserramu\/wp-content\/uploads\/2018\/03\/stammtisch-radiomuseum-02-2010-014.jpg' rel=\"lightbox[1756]\"><img loading=\"lazy\" decoding=\"async\" width=\"220\" height=\"220\" src=\"https:\/\/radiomuseum-rheinland.de\/unserramu\/wp-content\/uploads\/2018\/03\/stammtisch-radiomuseum-02-2010-014-220x220.jpg\" class=\"attachment-thumbnail size-thumbnail\" alt=\"\" aria-describedby=\"gallery-1-2059\" \/><\/a>\n\t\t\t<\/div>\n\t\t\t\t<figcaption class='wp-caption-text gallery-caption' id='gallery-1-2059'>\n\t\t\t\tEs herrscht reges Treiben &#8211; alle 7 Arbeitspl\u00e4tze sind besetzt.\n\t\t\t\t<\/figcaption><\/figure><figure class='gallery-item'>\n\t\t\t<div class='gallery-icon landscape'>\n\t\t\t\t<a href='https:\/\/radiomuseum-rheinland.de\/unserramu\/wp-content\/uploads\/2018\/03\/stammtisch-radiomuseum-02-2010-015.jpg' rel=\"lightbox[1756]\"><img loading=\"lazy\" decoding=\"async\" width=\"220\" height=\"220\" src=\"https:\/\/radiomuseum-rheinland.de\/unserramu\/wp-content\/uploads\/2018\/03\/stammtisch-radiomuseum-02-2010-015-220x220.jpg\" class=\"attachment-thumbnail size-thumbnail\" alt=\"\" aria-describedby=\"gallery-1-2060\" \/><\/a>\n\t\t\t<\/div>\n\t\t\t\t<figcaption class='wp-caption-text gallery-caption' id='gallery-1-2060'>\n\t\t\t\tF\u00fcr das Gewinnspiel wurden im Garten 30m Antenne gespannt. Es galt mit einer &#8220; G\u00f6bbelsschautze &#8220; dem DKE in m\u00f6glichst schneller Zeit einen starken MW-Sender scharf abzustimmen. Die Zeit wurde von Rolf Nooten per Stoppuhr registriert.\n\t\t\t\t<\/figcaption><\/figure><figure class='gallery-item'>\n\t\t\t<div class='gallery-icon portrait'>\n\t\t\t\t<a href='https:\/\/radiomuseum-rheinland.de\/unserramu\/wp-content\/uploads\/2018\/03\/stammtisch-radiomuseum-02-2010-016.jpg' rel=\"lightbox[1756]\"><img loading=\"lazy\" decoding=\"async\" width=\"220\" height=\"220\" src=\"https:\/\/radiomuseum-rheinland.de\/unserramu\/wp-content\/uploads\/2018\/03\/stammtisch-radiomuseum-02-2010-016-220x220.jpg\" class=\"attachment-thumbnail size-thumbnail\" alt=\"\" aria-describedby=\"gallery-1-2061\" \/><\/a>\n\t\t\t<\/div>\n\t\t\t\t<figcaption class='wp-caption-text gallery-caption' id='gallery-1-2061'>\n\t\t\t\tDie Reparaturen stoppten zwischenzeitlich nat\u00fcrlich nicht. Stefan Weigelt &#8211; besch\u00e4ftigt mit einem SABA Freiburg &#8211; Suchlauf.\n\t\t\t\t<\/figcaption><\/figure><figure class='gallery-item'>\n\t\t\t<div class='gallery-icon landscape'>\n\t\t\t\t<a href='https:\/\/radiomuseum-rheinland.de\/unserramu\/wp-content\/uploads\/2018\/03\/stammtisch-radiomuseum-02-2010-017.jpg' rel=\"lightbox[1756]\"><img loading=\"lazy\" decoding=\"async\" width=\"220\" height=\"220\" src=\"https:\/\/radiomuseum-rheinland.de\/unserramu\/wp-content\/uploads\/2018\/03\/stammtisch-radiomuseum-02-2010-017-220x220.jpg\" class=\"attachment-thumbnail size-thumbnail\" alt=\"\" aria-describedby=\"gallery-1-2062\" \/><\/a>\n\t\t\t<\/div>\n\t\t\t\t<figcaption class='wp-caption-text gallery-caption' id='gallery-1-2062'>\n\t\t\t\tDie &#8222;Jugend&#8220; schaut interessiert zu. Stefan Schmaus, links, und rechts Christopher Nowak (17). Jan Weigelt (14) schaut seinem Vater interessiert \u00fcber die Schulter. Der j\u00fcngste Teilnehmer war Mathias Kothen mit 12 Jahren. Unsere Hochachtung sich in diesem Alter f\u00fcr die Technik und Reparatur Historischer Ger\u00e4te einzusetzen !\n\t\t\t\t<\/figcaption><\/figure><figure class='gallery-item'>\n\t\t\t<div class='gallery-icon landscape'>\n\t\t\t\t<a href='https:\/\/radiomuseum-rheinland.de\/unserramu\/wp-content\/uploads\/2018\/03\/stammtisch-radiomuseum-02-2010-018.jpg' rel=\"lightbox[1756]\"><img loading=\"lazy\" decoding=\"async\" width=\"220\" height=\"220\" src=\"https:\/\/radiomuseum-rheinland.de\/unserramu\/wp-content\/uploads\/2018\/03\/stammtisch-radiomuseum-02-2010-018-220x220.jpg\" class=\"attachment-thumbnail size-thumbnail\" alt=\"\" aria-describedby=\"gallery-1-2063\" \/><\/a>\n\t\t\t<\/div>\n\t\t\t\t<figcaption class='wp-caption-text gallery-caption' id='gallery-1-2063'>\n\t\t\t\tOhne eine solche Flasche l\u00e4\u00dft sich ein DKE sowieso nicht abstimmen &#8230;\n\t\t\t\t<\/figcaption><\/figure><figure class='gallery-item'>\n\t\t\t<div class='gallery-icon landscape'>\n\t\t\t\t<a href='https:\/\/radiomuseum-rheinland.de\/unserramu\/wp-content\/uploads\/2018\/03\/stammtisch-radiomuseum-02-2010-019.jpg' rel=\"lightbox[1756]\"><img loading=\"lazy\" decoding=\"async\" width=\"220\" height=\"220\" src=\"https:\/\/radiomuseum-rheinland.de\/unserramu\/wp-content\/uploads\/2018\/03\/stammtisch-radiomuseum-02-2010-019-220x220.jpg\" class=\"attachment-thumbnail size-thumbnail\" alt=\"\" aria-describedby=\"gallery-1-2064\" \/><\/a>\n\t\t\t<\/div>\n\t\t\t\t<figcaption class='wp-caption-text gallery-caption' id='gallery-1-2064'>\n\t\t\t\tHmmm &#8230;, das haben wir gleich &#8211; 16 Sekunden, ob das reicht ?\n\t\t\t\t<\/figcaption><\/figure><figure class='gallery-item'>\n\t\t\t<div class='gallery-icon landscape'>\n\t\t\t\t<a href='https:\/\/radiomuseum-rheinland.de\/unserramu\/wp-content\/uploads\/2018\/03\/stammtisch-radiomuseum-02-2010-020.jpg' rel=\"lightbox[1756]\"><img loading=\"lazy\" decoding=\"async\" width=\"220\" height=\"220\" src=\"https:\/\/radiomuseum-rheinland.de\/unserramu\/wp-content\/uploads\/2018\/03\/stammtisch-radiomuseum-02-2010-020-220x220.jpg\" class=\"attachment-thumbnail size-thumbnail\" alt=\"\" aria-describedby=\"gallery-1-2065\" \/><\/a>\n\t\t\t<\/div>\n\t\t\t\t<figcaption class='wp-caption-text gallery-caption' id='gallery-1-2065'>\n\t\t\t\tHmmm &#8230;, wo isser denn, grad war er noch da !\n\t\t\t\t<\/figcaption><\/figure><figure class='gallery-item'>\n\t\t\t<div class='gallery-icon landscape'>\n\t\t\t\t<a href='https:\/\/radiomuseum-rheinland.de\/unserramu\/wp-content\/uploads\/2018\/03\/stammtisch-radiomuseum-02-2010-021.jpg' rel=\"lightbox[1756]\"><img loading=\"lazy\" decoding=\"async\" width=\"220\" height=\"220\" src=\"https:\/\/radiomuseum-rheinland.de\/unserramu\/wp-content\/uploads\/2018\/03\/stammtisch-radiomuseum-02-2010-021-220x220.jpg\" class=\"attachment-thumbnail size-thumbnail\" alt=\"\" aria-describedby=\"gallery-1-2066\" \/><\/a>\n\t\t\t<\/div>\n\t\t\t\t<figcaption class='wp-caption-text gallery-caption' id='gallery-1-2066'>\n\t\t\t\tZwischendurch in der Video &#8211; Umr\u00fcstung bei Uli : ein Philips Raffael &#8211; auch dieses Modell spielt nun zeitgen\u00f6ssische Videos ab.\n\t\t\t\t<\/figcaption><\/figure><figure class='gallery-item'>\n\t\t\t<div class='gallery-icon landscape'>\n\t\t\t\t<a href='https:\/\/radiomuseum-rheinland.de\/unserramu\/wp-content\/uploads\/2018\/03\/stammtisch-radiomuseum-02-2010-022.jpg' rel=\"lightbox[1756]\"><img loading=\"lazy\" decoding=\"async\" width=\"220\" height=\"220\" src=\"https:\/\/radiomuseum-rheinland.de\/unserramu\/wp-content\/uploads\/2018\/03\/stammtisch-radiomuseum-02-2010-022-220x220.jpg\" class=\"attachment-thumbnail size-thumbnail\" alt=\"\" aria-describedby=\"gallery-1-2067\" \/><\/a>\n\t\t\t<\/div>\n\t\t\t\t<figcaption class='wp-caption-text gallery-caption' id='gallery-1-2067'>\n\t\t\t\tMal was ganz anderes : Stefan Schmaus brachte eine zu leise spielende Grundig Stenorette L mit, die sogleich zerlegt wurde.\n\t\t\t\t<\/figcaption><\/figure><figure class='gallery-item'>\n\t\t\t<div class='gallery-icon landscape'>\n\t\t\t\t<a href='https:\/\/radiomuseum-rheinland.de\/unserramu\/wp-content\/uploads\/2018\/03\/stammtisch-radiomuseum-02-2010-023.jpg' rel=\"lightbox[1756]\"><img loading=\"lazy\" decoding=\"async\" width=\"220\" height=\"220\" src=\"https:\/\/radiomuseum-rheinland.de\/unserramu\/wp-content\/uploads\/2018\/03\/stammtisch-radiomuseum-02-2010-023-220x220.jpg\" class=\"attachment-thumbnail size-thumbnail\" alt=\"\" aria-describedby=\"gallery-1-2068\" \/><\/a>\n\t\t\t<\/div>\n\t\t\t\t<figcaption class='wp-caption-text gallery-caption' id='gallery-1-2068'>\n\t\t\t\tKurz vor der Aufl\u00f6sung des Gewinnspiels.\n\t\t\t\t<\/figcaption><\/figure><figure class='gallery-item'>\n\t\t\t<div class='gallery-icon landscape'>\n\t\t\t\t<a href='https:\/\/radiomuseum-rheinland.de\/unserramu\/wp-content\/uploads\/2018\/03\/stammtisch-radiomuseum-02-2010-024.jpg' rel=\"lightbox[1756]\"><img loading=\"lazy\" decoding=\"async\" width=\"220\" height=\"220\" src=\"https:\/\/radiomuseum-rheinland.de\/unserramu\/wp-content\/uploads\/2018\/03\/stammtisch-radiomuseum-02-2010-024-220x220.jpg\" class=\"attachment-thumbnail size-thumbnail\" alt=\"\" aria-describedby=\"gallery-1-2069\" \/><\/a>\n\t\t\t<\/div>\n\t\t\t\t<figcaption class='wp-caption-text gallery-caption' id='gallery-1-2069'>\n\t\t\t\tLocker im Gespr\u00e4ch: Hartmut Daniels und Ottmar Rollmann.\n\t\t\t\t<\/figcaption><\/figure><figure class='gallery-item'>\n\t\t\t<div class='gallery-icon landscape'>\n\t\t\t\t<a href='https:\/\/radiomuseum-rheinland.de\/unserramu\/wp-content\/uploads\/2018\/03\/stammtisch-radiomuseum-02-2010-025.jpg' rel=\"lightbox[1756]\"><img loading=\"lazy\" decoding=\"async\" width=\"220\" height=\"220\" src=\"https:\/\/radiomuseum-rheinland.de\/unserramu\/wp-content\/uploads\/2018\/03\/stammtisch-radiomuseum-02-2010-025-220x220.jpg\" class=\"attachment-thumbnail size-thumbnail\" alt=\"\" aria-describedby=\"gallery-1-2070\" \/><\/a>\n\t\t\t<\/div>\n\t\t\t\t<figcaption class='wp-caption-text gallery-caption' id='gallery-1-2070'>\n\t\t\t\tDer Gl\u00fcckliche Sieger: Jan Weigelt schaffte es in 13 Sekunden.\n\t\t\t\t<\/figcaption><\/figure><figure class='gallery-item'>\n\t\t\t<div class='gallery-icon portrait'>\n\t\t\t\t<a href='https:\/\/radiomuseum-rheinland.de\/unserramu\/wp-content\/uploads\/2018\/03\/stammtisch-radiomuseum-02-2010-026.jpg' rel=\"lightbox[1756]\"><img loading=\"lazy\" decoding=\"async\" width=\"220\" height=\"220\" src=\"https:\/\/radiomuseum-rheinland.de\/unserramu\/wp-content\/uploads\/2018\/03\/stammtisch-radiomuseum-02-2010-026-220x220.jpg\" class=\"attachment-thumbnail size-thumbnail\" alt=\"\" aria-describedby=\"gallery-1-2071\" \/><\/a>\n\t\t\t<\/div>\n\t\t\t\t<figcaption class='wp-caption-text gallery-caption' id='gallery-1-2071'>\n\t\t\t\tDer Gewinn !\n\t\t\t\t<\/figcaption><\/figure>\n\t\t<\/div>\n\n<p>&nbsp;<\/p>\n<p>&nbsp;<\/p>\n<p>&nbsp;<\/p>\n","protected":false},"excerpt":{"rendered":"<p>&nbsp; Am 27. Februar 2010 traf sich der Radiosammler-Stammtisch Niederrhein zum 17. mal. Diesmal wieder im ehemaligen S\u00e4ngerheim am Kamillianer-Krankenhaus in M\u00f6nchengladbach. &nbsp; &nbsp; &nbsp; &nbsp;<\/p>\n","protected":false},"author":1,"featured_media":0,"parent":329,"menu_order":35,"comment_status":"closed","ping_status":"closed","template":"","meta":{"footnotes":""},"class_list":["post-1756","page","type-page","status-publish","hentry"],"_links":{"self":[{"href":"https:\/\/radiomuseum-rheinland.de\/unserramu\/wp-json\/wp\/v2\/pages\/1756","targetHints":{"allow":["GET"]}}],"collection":[{"href":"https:\/\/radiomuseum-rheinland.de\/unserramu\/wp-json\/wp\/v2\/pages"}],"about":[{"href":"https:\/\/radiomuseum-rheinland.de\/unserramu\/wp-json\/wp\/v2\/types\/page"}],"author":[{"embeddable":true,"href":"https:\/\/radiomuseum-rheinland.de\/unserramu\/wp-json\/wp\/v2\/users\/1"}],"replies":[{"embeddable":true,"href":"https:\/\/radiomuseum-rheinland.de\/unserramu\/wp-json\/wp\/v2\/comments?post=1756"}],"version-history":[{"count":4,"href":"https:\/\/radiomuseum-rheinland.de\/unserramu\/wp-json\/wp\/v2\/pages\/1756\/revisions"}],"predecessor-version":[{"id":2072,"href":"https:\/\/radiomuseum-rheinland.de\/unserramu\/wp-json\/wp\/v2\/pages\/1756\/revisions\/2072"}],"up":[{"embeddable":true,"href":"https:\/\/radiomuseum-rheinland.de\/unserramu\/wp-json\/wp\/v2\/pages\/329"}],"wp:attachment":[{"href":"https:\/\/radiomuseum-rheinland.de\/unserramu\/wp-json\/wp\/v2\/media?parent=1756"}],"curies":[{"name":"wp","href":"https:\/\/api.w.org\/{rel}","templated":true}]}}