
{"id":1754,"date":"2018-03-14T17:53:22","date_gmt":"2018-03-14T16:53:22","guid":{"rendered":"https:\/\/radiomuseum-rheinland.de\/unserramu\/?page_id=1754"},"modified":"2018-03-19T17:15:41","modified_gmt":"2018-03-19T16:15:41","slug":"19-stammtisch-04-09-2010","status":"publish","type":"page","link":"https:\/\/radiomuseum-rheinland.de\/unserramu\/stammtisch-treffen\/2010-2014\/19-stammtisch-04-09-2010\/","title":{"rendered":"19. Stammtisch &#8211; 04.09.2010"},"content":{"rendered":"<p>&nbsp;<\/p>\n<h3 style=\"text-align: left;\" align=\"center\">Am 04.September 2010 traf sich der Radiosammler-Stammtisch Niederrhein zum 19. mal. Diesmal im Flughafenrestaurant Merzbr\u00fcck, bei unserem Kollegen Detlef Krill.<\/h3>\n<p style=\"text-align: left;\" align=\"center\">Dazu ist auch ein Zeitungsartikel in der &#8222;Aachener Zeitung&#8220; erschienen,\u00a0 Titel:\u00a0<a href=\"http:\/\/www.az-web.de\/lokales\/nordkreis-detail-az\/1402356?_link=&amp;skip=&amp;_g=Transistoren-Lautsprecher-und-Loetkolben.html\" target=\"_blank\" rel=\"noopener\">Transistoren, Lautsprecher und L\u00f6tkolben<\/a>\u00a0 <em>(externer Link)<\/em><\/p>\n<div id='gallery-1' class='gallery galleryid-1754 gallery-columns-6 gallery-size-thumbnail'><figure class='gallery-item'>\n\t\t\t<div class='gallery-icon landscape'>\n\t\t\t\t<a href='https:\/\/radiomuseum-rheinland.de\/unserramu\/wp-content\/uploads\/2018\/03\/stammtisch-radiomuseum-sep-2010-001.jpg' rel=\"lightbox[1754]\"><img loading=\"lazy\" decoding=\"async\" width=\"220\" height=\"220\" src=\"https:\/\/radiomuseum-rheinland.de\/unserramu\/wp-content\/uploads\/2018\/03\/stammtisch-radiomuseum-sep-2010-001-220x220.jpg\" class=\"attachment-thumbnail size-thumbnail\" alt=\"\" aria-describedby=\"gallery-1-1979\" \/><\/a>\n\t\t\t<\/div>\n\t\t\t\t<figcaption class='wp-caption-text gallery-caption' id='gallery-1-1979'>\n\t\t\t\tHektische Fehlersuche an einem Ger\u00e4t.\n\t\t\t\t<\/figcaption><\/figure><figure class='gallery-item'>\n\t\t\t<div class='gallery-icon landscape'>\n\t\t\t\t<a href='https:\/\/radiomuseum-rheinland.de\/unserramu\/wp-content\/uploads\/2018\/03\/stammtisch-radiomuseum-sep-2010-002.jpg' rel=\"lightbox[1754]\"><img loading=\"lazy\" decoding=\"async\" width=\"220\" height=\"220\" src=\"https:\/\/radiomuseum-rheinland.de\/unserramu\/wp-content\/uploads\/2018\/03\/stammtisch-radiomuseum-sep-2010-002-220x220.jpg\" class=\"attachment-thumbnail size-thumbnail\" alt=\"\" aria-describedby=\"gallery-1-1980\" \/><\/a>\n\t\t\t<\/div>\n\t\t\t\t<figcaption class='wp-caption-text gallery-caption' id='gallery-1-1980'>\n\t\t\t\t???\n\t\t\t\t<\/figcaption><\/figure><figure class='gallery-item'>\n\t\t\t<div class='gallery-icon landscape'>\n\t\t\t\t<a href='https:\/\/radiomuseum-rheinland.de\/unserramu\/wp-content\/uploads\/2018\/03\/stammtisch-radiomuseum-sep-2010-003.jpg' rel=\"lightbox[1754]\"><img loading=\"lazy\" decoding=\"async\" width=\"220\" height=\"220\" src=\"https:\/\/radiomuseum-rheinland.de\/unserramu\/wp-content\/uploads\/2018\/03\/stammtisch-radiomuseum-sep-2010-003-220x220.jpg\" class=\"attachment-thumbnail size-thumbnail\" alt=\"\" aria-describedby=\"gallery-1-1981\" \/><\/a>\n\t\t\t<\/div>\n\t\t\t\t<figcaption class='wp-caption-text gallery-caption' id='gallery-1-1981'>\n\t\t\t\tUli nimmt\u00b4s mal wieder sehr gelassen.\n\t\t\t\t<\/figcaption><\/figure><figure class='gallery-item'>\n\t\t\t<div class='gallery-icon landscape'>\n\t\t\t\t<a href='https:\/\/radiomuseum-rheinland.de\/unserramu\/wp-content\/uploads\/2018\/03\/stammtisch-radiomuseum-sep-2010-004.jpg' rel=\"lightbox[1754]\"><img loading=\"lazy\" decoding=\"async\" width=\"220\" height=\"220\" src=\"https:\/\/radiomuseum-rheinland.de\/unserramu\/wp-content\/uploads\/2018\/03\/stammtisch-radiomuseum-sep-2010-004-220x220.jpg\" class=\"attachment-thumbnail size-thumbnail\" alt=\"\" \/><\/a>\n\t\t\t<\/div><\/figure><figure class='gallery-item'>\n\t\t\t<div class='gallery-icon landscape'>\n\t\t\t\t<a href='https:\/\/radiomuseum-rheinland.de\/unserramu\/wp-content\/uploads\/2018\/03\/stammtisch-radiomuseum-sep-2010-005.jpg' rel=\"lightbox[1754]\"><img loading=\"lazy\" decoding=\"async\" width=\"220\" height=\"220\" src=\"https:\/\/radiomuseum-rheinland.de\/unserramu\/wp-content\/uploads\/2018\/03\/stammtisch-radiomuseum-sep-2010-005-220x220.jpg\" class=\"attachment-thumbnail size-thumbnail\" alt=\"\" aria-describedby=\"gallery-1-1983\" \/><\/a>\n\t\t\t<\/div>\n\t\t\t\t<figcaption class='wp-caption-text gallery-caption' id='gallery-1-1983'>\n\t\t\t\tDas selbstkonstruierte Chassis-Drehgestell wird getestet.\n\t\t\t\t<\/figcaption><\/figure><figure class='gallery-item'>\n\t\t\t<div class='gallery-icon landscape'>\n\t\t\t\t<a href='https:\/\/radiomuseum-rheinland.de\/unserramu\/wp-content\/uploads\/2018\/03\/stammtisch-radiomuseum-sep-2010-006.jpg' rel=\"lightbox[1754]\"><img loading=\"lazy\" decoding=\"async\" width=\"220\" height=\"220\" src=\"https:\/\/radiomuseum-rheinland.de\/unserramu\/wp-content\/uploads\/2018\/03\/stammtisch-radiomuseum-sep-2010-006-220x220.jpg\" class=\"attachment-thumbnail size-thumbnail\" alt=\"\" aria-describedby=\"gallery-1-1984\" \/><\/a>\n\t\t\t<\/div>\n\t\t\t\t<figcaption class='wp-caption-text gallery-caption' id='gallery-1-1984'>\n\t\t\t\tSehr sch\u00f6n erhaltener Dual Party 1004 &#8211; spielt wieder.\n\t\t\t\t<\/figcaption><\/figure><figure class='gallery-item'>\n\t\t\t<div class='gallery-icon landscape'>\n\t\t\t\t<a href='https:\/\/radiomuseum-rheinland.de\/unserramu\/wp-content\/uploads\/2018\/03\/stammtisch-radiomuseum-sep-2010-007.jpg' rel=\"lightbox[1754]\"><img loading=\"lazy\" decoding=\"async\" width=\"220\" height=\"220\" src=\"https:\/\/radiomuseum-rheinland.de\/unserramu\/wp-content\/uploads\/2018\/03\/stammtisch-radiomuseum-sep-2010-007-220x220.jpg\" class=\"attachment-thumbnail size-thumbnail\" alt=\"\" aria-describedby=\"gallery-1-1985\" \/><\/a>\n\t\t\t<\/div>\n\t\t\t\t<figcaption class='wp-caption-text gallery-caption' id='gallery-1-1985'>\n\t\t\t\tSehr sch\u00f6n erhaltener Dual Party 1004 &#8211; spielt wieder.\n\t\t\t\t<\/figcaption><\/figure><figure class='gallery-item'>\n\t\t\t<div class='gallery-icon landscape'>\n\t\t\t\t<a href='https:\/\/radiomuseum-rheinland.de\/unserramu\/wp-content\/uploads\/2018\/03\/stammtisch-radiomuseum-sep-2010-008.jpg' rel=\"lightbox[1754]\"><img loading=\"lazy\" decoding=\"async\" width=\"220\" height=\"220\" src=\"https:\/\/radiomuseum-rheinland.de\/unserramu\/wp-content\/uploads\/2018\/03\/stammtisch-radiomuseum-sep-2010-008-220x220.jpg\" class=\"attachment-thumbnail size-thumbnail\" alt=\"\" aria-describedby=\"gallery-1-1986\" \/><\/a>\n\t\t\t<\/div>\n\t\t\t\t<figcaption class='wp-caption-text gallery-caption' id='gallery-1-1986'>\n\t\t\t\tRolf mit seiner selbstgebauten &#8222;Knopfpoliermaschine&#8220; &#8211; ein Wunderwerk der Technik, das Sammlerherzen h\u00f6her schlagen l\u00e4\u00dft.\n\t\t\t\t<\/figcaption><\/figure><figure class='gallery-item'>\n\t\t\t<div class='gallery-icon landscape'>\n\t\t\t\t<a href='https:\/\/radiomuseum-rheinland.de\/unserramu\/wp-content\/uploads\/2018\/03\/stammtisch-radiomuseum-sep-2010-009.jpg' rel=\"lightbox[1754]\"><img loading=\"lazy\" decoding=\"async\" width=\"220\" height=\"220\" src=\"https:\/\/radiomuseum-rheinland.de\/unserramu\/wp-content\/uploads\/2018\/03\/stammtisch-radiomuseum-sep-2010-009-220x220.jpg\" class=\"attachment-thumbnail size-thumbnail\" alt=\"\" aria-describedby=\"gallery-1-1987\" \/><\/a>\n\t\t\t<\/div>\n\t\t\t\t<figcaption class='wp-caption-text gallery-caption' id='gallery-1-1987'>\n\t\t\t\tDie Arbeitspl\u00e4tze im Wintergarten des Restaurants.\n\t\t\t\t<\/figcaption><\/figure><figure class='gallery-item'>\n\t\t\t<div class='gallery-icon landscape'>\n\t\t\t\t<a href='https:\/\/radiomuseum-rheinland.de\/unserramu\/wp-content\/uploads\/2018\/03\/stammtisch-radiomuseum-sep-2010-010.jpg' rel=\"lightbox[1754]\"><img loading=\"lazy\" decoding=\"async\" width=\"220\" height=\"220\" src=\"https:\/\/radiomuseum-rheinland.de\/unserramu\/wp-content\/uploads\/2018\/03\/stammtisch-radiomuseum-sep-2010-010-220x220.jpg\" class=\"attachment-thumbnail size-thumbnail\" alt=\"\" aria-describedby=\"gallery-1-1988\" \/><\/a>\n\t\t\t<\/div>\n\t\t\t\t<figcaption class='wp-caption-text gallery-caption' id='gallery-1-1988'>\n\t\t\t\tEinige Modelle, die zum Verkauf stehen.\n\t\t\t\t<\/figcaption><\/figure><figure class='gallery-item'>\n\t\t\t<div class='gallery-icon landscape'>\n\t\t\t\t<a href='https:\/\/radiomuseum-rheinland.de\/unserramu\/wp-content\/uploads\/2018\/03\/stammtisch-radiomuseum-sep-2010-011.jpg' rel=\"lightbox[1754]\"><img loading=\"lazy\" decoding=\"async\" width=\"220\" height=\"220\" src=\"https:\/\/radiomuseum-rheinland.de\/unserramu\/wp-content\/uploads\/2018\/03\/stammtisch-radiomuseum-sep-2010-011-220x220.jpg\" class=\"attachment-thumbnail size-thumbnail\" alt=\"\" aria-describedby=\"gallery-1-1989\" \/><\/a>\n\t\t\t<\/div>\n\t\t\t\t<figcaption class='wp-caption-text gallery-caption' id='gallery-1-1989'>\n\t\t\t\tHier wird gerade ein Arbeitsplatz eingerichtet\n\t\t\t\t<\/figcaption><\/figure><figure class='gallery-item'>\n\t\t\t<div class='gallery-icon landscape'>\n\t\t\t\t<a href='https:\/\/radiomuseum-rheinland.de\/unserramu\/wp-content\/uploads\/2018\/03\/stammtisch-radiomuseum-sep-2010-012.jpg' rel=\"lightbox[1754]\"><img loading=\"lazy\" decoding=\"async\" width=\"220\" height=\"220\" src=\"https:\/\/radiomuseum-rheinland.de\/unserramu\/wp-content\/uploads\/2018\/03\/stammtisch-radiomuseum-sep-2010-012-220x220.jpg\" class=\"attachment-thumbnail size-thumbnail\" alt=\"\" aria-describedby=\"gallery-1-1990\" \/><\/a>\n\t\t\t<\/div>\n\t\t\t\t<figcaption class='wp-caption-text gallery-caption' id='gallery-1-1990'>\n\t\t\t\tWeitere Ger\u00e4te zum Verkauf.\n\t\t\t\t<\/figcaption><\/figure><figure class='gallery-item'>\n\t\t\t<div class='gallery-icon landscape'>\n\t\t\t\t<a href='https:\/\/radiomuseum-rheinland.de\/unserramu\/wp-content\/uploads\/2018\/03\/stammtisch-radiomuseum-sep-2010-013.jpg' rel=\"lightbox[1754]\"><img loading=\"lazy\" decoding=\"async\" width=\"220\" height=\"220\" src=\"https:\/\/radiomuseum-rheinland.de\/unserramu\/wp-content\/uploads\/2018\/03\/stammtisch-radiomuseum-sep-2010-013-220x220.jpg\" class=\"attachment-thumbnail size-thumbnail\" alt=\"\" aria-describedby=\"gallery-1-1991\" \/><\/a>\n\t\t\t<\/div>\n\t\t\t\t<figcaption class='wp-caption-text gallery-caption' id='gallery-1-1991'>\n\t\t\t\tKleine Pause mit Snack.\n\t\t\t\t<\/figcaption><\/figure><figure class='gallery-item'>\n\t\t\t<div class='gallery-icon landscape'>\n\t\t\t\t<a href='https:\/\/radiomuseum-rheinland.de\/unserramu\/wp-content\/uploads\/2018\/03\/stammtisch-radiomuseum-sep-2010-014.jpg' rel=\"lightbox[1754]\"><img loading=\"lazy\" decoding=\"async\" width=\"220\" height=\"220\" src=\"https:\/\/radiomuseum-rheinland.de\/unserramu\/wp-content\/uploads\/2018\/03\/stammtisch-radiomuseum-sep-2010-014-220x220.jpg\" class=\"attachment-thumbnail size-thumbnail\" alt=\"\" aria-describedby=\"gallery-1-1992\" \/><\/a>\n\t\t\t<\/div>\n\t\t\t\t<figcaption class='wp-caption-text gallery-caption' id='gallery-1-1992'>\n\t\t\t\tTja, das werden wir gleich haben &#8211; kann nicht mehr lange dauern.\n\t\t\t\t<\/figcaption><\/figure><figure class='gallery-item'>\n\t\t\t<div class='gallery-icon landscape'>\n\t\t\t\t<a href='https:\/\/radiomuseum-rheinland.de\/unserramu\/wp-content\/uploads\/2018\/03\/stammtisch-radiomuseum-sep-2010-015.jpg' rel=\"lightbox[1754]\"><img loading=\"lazy\" decoding=\"async\" width=\"220\" height=\"220\" src=\"https:\/\/radiomuseum-rheinland.de\/unserramu\/wp-content\/uploads\/2018\/03\/stammtisch-radiomuseum-sep-2010-015-220x220.jpg\" class=\"attachment-thumbnail size-thumbnail\" alt=\"\" aria-describedby=\"gallery-1-1993\" \/><\/a>\n\t\t\t<\/div>\n\t\t\t\t<figcaption class='wp-caption-text gallery-caption' id='gallery-1-1993'>\n\t\t\t\tHier das &#8222;Chassis-Wendeger\u00e4t&#8220;. Bild 1\n\t\t\t\t<\/figcaption><\/figure><figure class='gallery-item'>\n\t\t\t<div class='gallery-icon landscape'>\n\t\t\t\t<a href='https:\/\/radiomuseum-rheinland.de\/unserramu\/wp-content\/uploads\/2018\/03\/stammtisch-radiomuseum-sep-2010-016.jpg' rel=\"lightbox[1754]\"><img loading=\"lazy\" decoding=\"async\" width=\"220\" height=\"220\" src=\"https:\/\/radiomuseum-rheinland.de\/unserramu\/wp-content\/uploads\/2018\/03\/stammtisch-radiomuseum-sep-2010-016-220x220.jpg\" class=\"attachment-thumbnail size-thumbnail\" alt=\"\" aria-describedby=\"gallery-1-1994\" \/><\/a>\n\t\t\t<\/div>\n\t\t\t\t<figcaption class='wp-caption-text gallery-caption' id='gallery-1-1994'>\n\t\t\t\tHier das &#8222;Chassis-Wendeger\u00e4t&#8220;. Bild 2\n\t\t\t\t<\/figcaption><\/figure><figure class='gallery-item'>\n\t\t\t<div class='gallery-icon landscape'>\n\t\t\t\t<a href='https:\/\/radiomuseum-rheinland.de\/unserramu\/wp-content\/uploads\/2018\/03\/stammtisch-radiomuseum-sep-2010-017.jpg' rel=\"lightbox[1754]\"><img loading=\"lazy\" decoding=\"async\" width=\"220\" height=\"220\" src=\"https:\/\/radiomuseum-rheinland.de\/unserramu\/wp-content\/uploads\/2018\/03\/stammtisch-radiomuseum-sep-2010-017-220x220.jpg\" class=\"attachment-thumbnail size-thumbnail\" alt=\"\" aria-describedby=\"gallery-1-1995\" \/><\/a>\n\t\t\t<\/div>\n\t\t\t\t<figcaption class='wp-caption-text gallery-caption' id='gallery-1-1995'>\n\t\t\t\tEin Becker Autoradio mit R\u00f6hren &#8211; auch das gibt wieder T\u00f6ne von sich.\n\t\t\t\t<\/figcaption><\/figure><figure class='gallery-item'>\n\t\t\t<div class='gallery-icon landscape'>\n\t\t\t\t<a href='https:\/\/radiomuseum-rheinland.de\/unserramu\/wp-content\/uploads\/2018\/03\/stammtisch-radiomuseum-sep-2010-018.jpg' rel=\"lightbox[1754]\"><img loading=\"lazy\" decoding=\"async\" width=\"220\" height=\"220\" src=\"https:\/\/radiomuseum-rheinland.de\/unserramu\/wp-content\/uploads\/2018\/03\/stammtisch-radiomuseum-sep-2010-018-220x220.jpg\" class=\"attachment-thumbnail size-thumbnail\" alt=\"\" aria-describedby=\"gallery-1-1996\" \/><\/a>\n\t\t\t<\/div>\n\t\t\t\t<figcaption class='wp-caption-text gallery-caption' id='gallery-1-1996'>\n\t\t\t\tDer Dual Party 1004 Bj. 1958 spielt und sieht aus, als k\u00e4me er gerade frisch aus dem Laden.\n\t\t\t\t<\/figcaption><\/figure><figure class='gallery-item'>\n\t\t\t<div class='gallery-icon landscape'>\n\t\t\t\t<a href='https:\/\/radiomuseum-rheinland.de\/unserramu\/wp-content\/uploads\/2018\/03\/stammtisch-radiomuseum-sep-2010-019.jpg' rel=\"lightbox[1754]\"><img loading=\"lazy\" decoding=\"async\" width=\"220\" height=\"220\" src=\"https:\/\/radiomuseum-rheinland.de\/unserramu\/wp-content\/uploads\/2018\/03\/stammtisch-radiomuseum-sep-2010-019-220x220.jpg\" class=\"attachment-thumbnail size-thumbnail\" alt=\"\" aria-describedby=\"gallery-1-1997\" \/><\/a>\n\t\t\t<\/div>\n\t\t\t\t<figcaption class='wp-caption-text gallery-caption' id='gallery-1-1997'>\n\t\t\t\tEin Draht-Ton-Ger\u00e4t aus USA.\n\t\t\t\t<\/figcaption><\/figure><figure class='gallery-item'>\n\t\t\t<div class='gallery-icon landscape'>\n\t\t\t\t<a href='https:\/\/radiomuseum-rheinland.de\/unserramu\/wp-content\/uploads\/2018\/03\/stammtisch-radiomuseum-sep-2010-020.jpg' rel=\"lightbox[1754]\"><img loading=\"lazy\" decoding=\"async\" width=\"220\" height=\"220\" src=\"https:\/\/radiomuseum-rheinland.de\/unserramu\/wp-content\/uploads\/2018\/03\/stammtisch-radiomuseum-sep-2010-020-220x220.jpg\" class=\"attachment-thumbnail size-thumbnail\" alt=\"\" aria-describedby=\"gallery-1-1998\" \/><\/a>\n\t\t\t<\/div>\n\t\t\t\t<figcaption class='wp-caption-text gallery-caption' id='gallery-1-1998'>\n\t\t\t\tDie Ger\u00e4te, die zum Verkauf standen.\n\t\t\t\t<\/figcaption><\/figure><figure class='gallery-item'>\n\t\t\t<div class='gallery-icon landscape'>\n\t\t\t\t<a href='https:\/\/radiomuseum-rheinland.de\/unserramu\/wp-content\/uploads\/2018\/03\/stammtisch-radiomuseum-sep-2010-021.jpg' rel=\"lightbox[1754]\"><img loading=\"lazy\" decoding=\"async\" width=\"220\" height=\"220\" src=\"https:\/\/radiomuseum-rheinland.de\/unserramu\/wp-content\/uploads\/2018\/03\/stammtisch-radiomuseum-sep-2010-021-220x220.jpg\" class=\"attachment-thumbnail size-thumbnail\" alt=\"\" aria-describedby=\"gallery-1-1999\" \/><\/a>\n\t\t\t<\/div>\n\t\t\t\t<figcaption class='wp-caption-text gallery-caption' id='gallery-1-1999'>\n\t\t\t\tEin Ger\u00e4t aus Italien. Ottmar Rollmann hat es in Venedig entdeckt und durfte es sogar als Handgep\u00e4ck im Flugzeug mit nach Deutschland nehmen. Er hielt einen kleinen Vortrag dar\u00fcber.\n\t\t\t\t<\/figcaption><\/figure><figure class='gallery-item'>\n\t\t\t<div class='gallery-icon landscape'>\n\t\t\t\t<a href='https:\/\/radiomuseum-rheinland.de\/unserramu\/wp-content\/uploads\/2018\/03\/stammtisch-radiomuseum-sep-2010-022.jpg' rel=\"lightbox[1754]\"><img loading=\"lazy\" decoding=\"async\" width=\"220\" height=\"220\" src=\"https:\/\/radiomuseum-rheinland.de\/unserramu\/wp-content\/uploads\/2018\/03\/stammtisch-radiomuseum-sep-2010-022-220x220.jpg\" class=\"attachment-thumbnail size-thumbnail\" alt=\"\" aria-describedby=\"gallery-1-2000\" \/><\/a>\n\t\t\t<\/div>\n\t\t\t\t<figcaption class='wp-caption-text gallery-caption' id='gallery-1-2000'>\n\t\t\t\tSeitenansicht des Italieners &#8230;\n\t\t\t\t<\/figcaption><\/figure><figure class='gallery-item'>\n\t\t\t<div class='gallery-icon landscape'>\n\t\t\t\t<a href='https:\/\/radiomuseum-rheinland.de\/unserramu\/wp-content\/uploads\/2018\/03\/stammtisch-radiomuseum-sep-2010-023.jpg' rel=\"lightbox[1754]\"><img loading=\"lazy\" decoding=\"async\" width=\"220\" height=\"220\" src=\"https:\/\/radiomuseum-rheinland.de\/unserramu\/wp-content\/uploads\/2018\/03\/stammtisch-radiomuseum-sep-2010-023-220x220.jpg\" class=\"attachment-thumbnail size-thumbnail\" alt=\"\" aria-describedby=\"gallery-1-2001\" \/><\/a>\n\t\t\t<\/div>\n\t\t\t\t<figcaption class='wp-caption-text gallery-caption' id='gallery-1-2001'>\n\t\t\t\t&#8230; und von hinten.\n\t\t\t\t<\/figcaption><\/figure><figure class='gallery-item'>\n\t\t\t<div class='gallery-icon landscape'>\n\t\t\t\t<a href='https:\/\/radiomuseum-rheinland.de\/unserramu\/wp-content\/uploads\/2018\/03\/stammtisch-radiomuseum-sep-2010-024.jpg' rel=\"lightbox[1754]\"><img loading=\"lazy\" decoding=\"async\" width=\"220\" height=\"220\" src=\"https:\/\/radiomuseum-rheinland.de\/unserramu\/wp-content\/uploads\/2018\/03\/stammtisch-radiomuseum-sep-2010-024-220x220.jpg\" class=\"attachment-thumbnail size-thumbnail\" alt=\"\" aria-describedby=\"gallery-1-2002\" \/><\/a>\n\t\t\t<\/div>\n\t\t\t\t<figcaption class='wp-caption-text gallery-caption' id='gallery-1-2002'>\n\t\t\t\tDie Nacht bricht herein &#8211; Nur noch mit starken Lampen l\u00e4\u00dft sich weiterarbeiten.\n\t\t\t\t<\/figcaption><\/figure><figure class='gallery-item'>\n\t\t\t<div class='gallery-icon landscape'>\n\t\t\t\t<a href='https:\/\/radiomuseum-rheinland.de\/unserramu\/wp-content\/uploads\/2018\/03\/stammtisch-radiomuseum-sep-2010-025.jpg' rel=\"lightbox[1754]\"><img loading=\"lazy\" decoding=\"async\" width=\"220\" height=\"220\" src=\"https:\/\/radiomuseum-rheinland.de\/unserramu\/wp-content\/uploads\/2018\/03\/stammtisch-radiomuseum-sep-2010-025-220x220.jpg\" class=\"attachment-thumbnail size-thumbnail\" alt=\"\" aria-describedby=\"gallery-1-2003\" \/><\/a>\n\t\t\t<\/div>\n\t\t\t\t<figcaption class='wp-caption-text gallery-caption' id='gallery-1-2003'>\n\t\t\t\tDer Blitz der Kamera brachte da auch nicht viel.\n\t\t\t\t<\/figcaption><\/figure><figure class='gallery-item'>\n\t\t\t<div class='gallery-icon landscape'>\n\t\t\t\t<a href='https:\/\/radiomuseum-rheinland.de\/unserramu\/wp-content\/uploads\/2018\/03\/stammtisch-radiomuseum-sep-2010-026.jpg' rel=\"lightbox[1754]\"><img loading=\"lazy\" decoding=\"async\" width=\"220\" height=\"220\" src=\"https:\/\/radiomuseum-rheinland.de\/unserramu\/wp-content\/uploads\/2018\/03\/stammtisch-radiomuseum-sep-2010-026-220x220.jpg\" class=\"attachment-thumbnail size-thumbnail\" alt=\"\" aria-describedby=\"gallery-1-2004\" \/><\/a>\n\t\t\t<\/div>\n\t\t\t\t<figcaption class='wp-caption-text gallery-caption' id='gallery-1-2004'>\n\t\t\t\tLangsam wird es Zeit Feierabend zu machen.\n\t\t\t\t<\/figcaption><\/figure>\n\t\t<\/div>\n\n<p>&nbsp;<\/p>\n<p>&nbsp;<\/p>\n<p>&nbsp;<\/p>\n","protected":false},"excerpt":{"rendered":"<p>&nbsp; Am 04.September 2010 traf sich der Radiosammler-Stammtisch Niederrhein zum 19. mal. Diesmal im Flughafenrestaurant Merzbr\u00fcck, bei unserem Kollegen Detlef Krill. Dazu ist auch ein Zeitungsartikel in der &#8222;Aachener Zeitung&#8220; erschienen,\u00a0 Titel:\u00a0Transistoren, Lautsprecher und L\u00f6tkolben\u00a0 (externer Link) &nbsp; &nbsp; &nbsp;<\/p>\n","protected":false},"author":1,"featured_media":0,"parent":329,"menu_order":33,"comment_status":"closed","ping_status":"closed","template":"","meta":{"footnotes":""},"class_list":["post-1754","page","type-page","status-publish","hentry"],"_links":{"self":[{"href":"https:\/\/radiomuseum-rheinland.de\/unserramu\/wp-json\/wp\/v2\/pages\/1754","targetHints":{"allow":["GET"]}}],"collection":[{"href":"https:\/\/radiomuseum-rheinland.de\/unserramu\/wp-json\/wp\/v2\/pages"}],"about":[{"href":"https:\/\/radiomuseum-rheinland.de\/unserramu\/wp-json\/wp\/v2\/types\/page"}],"author":[{"embeddable":true,"href":"https:\/\/radiomuseum-rheinland.de\/unserramu\/wp-json\/wp\/v2\/users\/1"}],"replies":[{"embeddable":true,"href":"https:\/\/radiomuseum-rheinland.de\/unserramu\/wp-json\/wp\/v2\/comments?post=1754"}],"version-history":[{"count":14,"href":"https:\/\/radiomuseum-rheinland.de\/unserramu\/wp-json\/wp\/v2\/pages\/1754\/revisions"}],"predecessor-version":[{"id":2007,"href":"https:\/\/radiomuseum-rheinland.de\/unserramu\/wp-json\/wp\/v2\/pages\/1754\/revisions\/2007"}],"up":[{"embeddable":true,"href":"https:\/\/radiomuseum-rheinland.de\/unserramu\/wp-json\/wp\/v2\/pages\/329"}],"wp:attachment":[{"href":"https:\/\/radiomuseum-rheinland.de\/unserramu\/wp-json\/wp\/v2\/media?parent=1754"}],"curies":[{"name":"wp","href":"https:\/\/api.w.org\/{rel}","templated":true}]}}