
{"id":1748,"date":"2018-03-14T17:52:17","date_gmt":"2018-03-14T16:52:17","guid":{"rendered":"https:\/\/radiomuseum-rheinland.de\/unserramu\/?page_id=1748"},"modified":"2018-05-23T00:14:44","modified_gmt":"2018-05-22T22:14:44","slug":"25-stammtisch-08-09-2012","status":"publish","type":"page","link":"https:\/\/radiomuseum-rheinland.de\/unserramu\/stammtisch-treffen\/2010-2014\/25-stammtisch-08-09-2012\/","title":{"rendered":"25. Stammtisch &#8211; 08.09.2012"},"content":{"rendered":"<h3><\/h3>\n<h3>Der Sammlerstammtisch am 08. September 2012 organisiert von Detlev Krill im Flughafenrestaurant Merzbr\u00fcck bei Eschweiler<\/h3>\n<p>&nbsp;<\/p>\n<p>Von unserem neuesten Mitglied Martin Klein erreichten mich folgende Fotos:<\/p>\n<div id='gallery-1' class='gallery galleryid-1748 gallery-columns-6 gallery-size-thumbnail'><figure class='gallery-item'>\n\t\t\t<div class='gallery-icon landscape'>\n\t\t\t\t<a href='https:\/\/radiomuseum-rheinland.de\/unserramu\/wp-content\/uploads\/2018\/03\/stammtisch-radiomuseum-sept-2012-003.jpg' rel=\"lightbox[1748]\"><img loading=\"lazy\" decoding=\"async\" width=\"220\" height=\"220\" src=\"https:\/\/radiomuseum-rheinland.de\/unserramu\/wp-content\/uploads\/2018\/03\/stammtisch-radiomuseum-sept-2012-003-220x220.jpg\" class=\"attachment-thumbnail size-thumbnail\" alt=\"\" aria-describedby=\"gallery-1-1813\" \/><\/a>\n\t\t\t<\/div>\n\t\t\t\t<figcaption class='wp-caption-text gallery-caption' id='gallery-1-1813'>\n\t\t\t\tNach der Reparatur geh\u00f6rt das K\u00f6rting Chassis nat\u00fcrlich wieder in seine gewohnte Umgebung zur\u00fcck\n\t\t\t\t<\/figcaption><\/figure><figure class='gallery-item'>\n\t\t\t<div class='gallery-icon landscape'>\n\t\t\t\t<a href='https:\/\/radiomuseum-rheinland.de\/unserramu\/wp-content\/uploads\/2018\/03\/stammtisch-radiomuseum-sept-2012-001.jpg' rel=\"lightbox[1748]\"><img loading=\"lazy\" decoding=\"async\" width=\"220\" height=\"220\" src=\"https:\/\/radiomuseum-rheinland.de\/unserramu\/wp-content\/uploads\/2018\/03\/stammtisch-radiomuseum-sept-2012-001-220x220.jpg\" class=\"attachment-thumbnail size-thumbnail\" alt=\"\" aria-describedby=\"gallery-1-1811\" \/><\/a>\n\t\t\t<\/div>\n\t\t\t\t<figcaption class='wp-caption-text gallery-caption' id='gallery-1-1811'>\n\t\t\t\tZu Hause bei Martin. Die ganze Truhe sollte dann doch nicht mit nach Merzbr\u00fcck.\n\t\t\t\t<\/figcaption><\/figure><figure class='gallery-item'>\n\t\t\t<div class='gallery-icon landscape'>\n\t\t\t\t<a href='https:\/\/radiomuseum-rheinland.de\/unserramu\/wp-content\/uploads\/2018\/03\/stammtisch-radiomuseum-sept-2012-002.jpg' rel=\"lightbox[1748]\"><img loading=\"lazy\" decoding=\"async\" width=\"220\" height=\"220\" src=\"https:\/\/radiomuseum-rheinland.de\/unserramu\/wp-content\/uploads\/2018\/03\/stammtisch-radiomuseum-sept-2012-002-220x220.jpg\" class=\"attachment-thumbnail size-thumbnail\" alt=\"\" aria-describedby=\"gallery-1-1812\" \/><\/a>\n\t\t\t<\/div>\n\t\t\t\t<figcaption class='wp-caption-text gallery-caption' id='gallery-1-1812'>\n\t\t\t\tEin Super Ger\u00e4t &#8211; Das Philips Reverbo\n\t\t\t\t<\/figcaption><\/figure><figure class='gallery-item'>\n\t\t\t<div class='gallery-icon landscape'>\n\t\t\t\t<a href='https:\/\/radiomuseum-rheinland.de\/unserramu\/wp-content\/uploads\/2018\/03\/stammtisch-radiomuseum-sept-2012-004.jpg' rel=\"lightbox[1748]\"><img loading=\"lazy\" decoding=\"async\" width=\"220\" height=\"220\" src=\"https:\/\/radiomuseum-rheinland.de\/unserramu\/wp-content\/uploads\/2018\/03\/stammtisch-radiomuseum-sept-2012-004-220x220.jpg\" class=\"attachment-thumbnail size-thumbnail\" alt=\"\" aria-describedby=\"gallery-1-1814\" \/><\/a>\n\t\t\t<\/div>\n\t\t\t\t<figcaption class='wp-caption-text gallery-caption' id='gallery-1-1814'>\n\t\t\t\tAusstellungs &#8211; und Vorf\u00fchrger\u00e4te !\n\t\t\t\t<\/figcaption><\/figure><figure class='gallery-item'>\n\t\t\t<div class='gallery-icon landscape'>\n\t\t\t\t<a href='https:\/\/radiomuseum-rheinland.de\/unserramu\/wp-content\/uploads\/2018\/03\/stammtisch-radiomuseum-sept-2012-005.jpg' rel=\"lightbox[1748]\"><img loading=\"lazy\" decoding=\"async\" width=\"220\" height=\"220\" src=\"https:\/\/radiomuseum-rheinland.de\/unserramu\/wp-content\/uploads\/2018\/03\/stammtisch-radiomuseum-sept-2012-005-220x220.jpg\" class=\"attachment-thumbnail size-thumbnail\" alt=\"\" aria-describedby=\"gallery-1-1815\" \/><\/a>\n\t\t\t<\/div>\n\t\t\t\t<figcaption class='wp-caption-text gallery-caption' id='gallery-1-1815'>\n\t\t\t\tDer R\u00f6hrenpr\u00fcfstand !\n\t\t\t\t<\/figcaption><\/figure><figure class='gallery-item'>\n\t\t\t<div class='gallery-icon landscape'>\n\t\t\t\t<a href='https:\/\/radiomuseum-rheinland.de\/unserramu\/wp-content\/uploads\/2018\/03\/stammtisch-radiomuseum-sept-2012-006.jpg' rel=\"lightbox[1748]\"><img loading=\"lazy\" decoding=\"async\" width=\"220\" height=\"220\" src=\"https:\/\/radiomuseum-rheinland.de\/unserramu\/wp-content\/uploads\/2018\/03\/stammtisch-radiomuseum-sept-2012-006-220x220.jpg\" class=\"attachment-thumbnail size-thumbnail\" alt=\"\" aria-describedby=\"gallery-1-1816\" \/><\/a>\n\t\t\t<\/div>\n\t\t\t\t<figcaption class='wp-caption-text gallery-caption' id='gallery-1-1816'>\n\t\t\t\tArbeitspl\u00e4tze &#8211; bei 30\u00b0C im Wintergarten mu\u00df der beste Reparateur mal an die Luft !\n\t\t\t\t<\/figcaption><\/figure>\n\t\t<\/div>\n\n<p>&nbsp;<\/p>\n<p>&nbsp;<\/p>\n<p>&nbsp;<\/p>\n","protected":false},"excerpt":{"rendered":"<p>Der Sammlerstammtisch am 08. September 2012 organisiert von Detlev Krill im Flughafenrestaurant Merzbr\u00fcck bei Eschweiler &nbsp; Von unserem neuesten Mitglied Martin Klein erreichten mich folgende Fotos: &nbsp; &nbsp; &nbsp;<\/p>\n","protected":false},"author":1,"featured_media":0,"parent":329,"menu_order":24,"comment_status":"closed","ping_status":"closed","template":"","meta":{"footnotes":""},"class_list":["post-1748","page","type-page","status-publish","hentry"],"_links":{"self":[{"href":"https:\/\/radiomuseum-rheinland.de\/unserramu\/wp-json\/wp\/v2\/pages\/1748","targetHints":{"allow":["GET"]}}],"collection":[{"href":"https:\/\/radiomuseum-rheinland.de\/unserramu\/wp-json\/wp\/v2\/pages"}],"about":[{"href":"https:\/\/radiomuseum-rheinland.de\/unserramu\/wp-json\/wp\/v2\/types\/page"}],"author":[{"embeddable":true,"href":"https:\/\/radiomuseum-rheinland.de\/unserramu\/wp-json\/wp\/v2\/users\/1"}],"replies":[{"embeddable":true,"href":"https:\/\/radiomuseum-rheinland.de\/unserramu\/wp-json\/wp\/v2\/comments?post=1748"}],"version-history":[{"count":15,"href":"https:\/\/radiomuseum-rheinland.de\/unserramu\/wp-json\/wp\/v2\/pages\/1748\/revisions"}],"predecessor-version":[{"id":3076,"href":"https:\/\/radiomuseum-rheinland.de\/unserramu\/wp-json\/wp\/v2\/pages\/1748\/revisions\/3076"}],"up":[{"embeddable":true,"href":"https:\/\/radiomuseum-rheinland.de\/unserramu\/wp-json\/wp\/v2\/pages\/329"}],"wp:attachment":[{"href":"https:\/\/radiomuseum-rheinland.de\/unserramu\/wp-json\/wp\/v2\/media?parent=1748"}],"curies":[{"name":"wp","href":"https:\/\/api.w.org\/{rel}","templated":true}]}}